{"id":31364,"date":"2025-12-10T20:21:42","date_gmt":"2025-12-10T18:21:42","guid":{"rendered":"https:\/\/shop.vallin.lv\/product\/knx-blind-actuator-4-way-basic-device\/"},"modified":"2026-04-16T14:21:53","modified_gmt":"2026-04-16T12:21:53","slug":"knx-blind-actuator-4-way-basic-device","status":"publish","type":"product","link":"https:\/\/shop.vallin.lv\/lv\/products\/knx-blind-actuator-4-way-basic-device\/","title":{"rendered":"KNX akls pievads, 4 kan\u0101lu, pamata ier\u012bce"},"content":{"rendered":"<p>KNX blind actuator, 4-way drive control, basic device, series installation device, width 4 TE (4 TE), expandable with JME 4 T up to 12 channels or combinable with other devices of the MIX series. Relay outputs for four drives, drives: e.g. for blinds, roller shutters, awnings, manual operation on the device, slip correction, freely configurable drive, manual switch Flush-mounted\/DOWN and LEDs<\/p>\n<p><a href=\"https:\/\/www.theben.de\/product\/4930250\/operating-instructions\" target=\"_blank\" rel=\"noopener\">Lejupiel\u0101d\u0113t vair\u0101k inform\u0101cijas<\/a><\/p>\n<p><a href=\"https:\/\/www.theben.de\/product\/4930250\" target=\"_blank\" rel=\"noopener\">Vair\u0101k inform\u0101cijas<\/a><\/p>\n<p>Datu lapa:<br \/>\n<a href=\"https:\/\/www.theben.de\/product\/4930250\/datasheet\" target=\"_blank\" rel=\"noopener\">Skat\u012bt<\/a><\/p>","protected":false},"excerpt":{"rendered":"<p>KNX blind actuator, 4-way drive control, basic device, series installation device, width 4 TE (4 TE), expandable with JME 4<\/p>","protected":false},"featured_media":31364,"template":"","meta":[],"product_brand":[],"product_cat":[826],"product_tag":[],"class_list":{"0":"post-31364","1":"product","2":"type-product","3":"status-publish","4":"has-post-thumbnail","6":"product_cat-actuators-and-gateways","8":"first","9":"outofstock","10":"taxable","11":"shipping-taxable","12":"purchasable","13":"product-type-simple"},"_links":{"self":[{"href":"https:\/\/shop.vallin.lv\/lv\/wp-json\/wp\/v2\/product\/31364","targetHints":{"allow":["GET"]}}],"collection":[{"href":"https:\/\/shop.vallin.lv\/lv\/wp-json\/wp\/v2\/product"}],"about":[{"href":"https:\/\/shop.vallin.lv\/lv\/wp-json\/wp\/v2\/types\/product"}],"version-history":[{"count":4,"href":"https:\/\/shop.vallin.lv\/lv\/wp-json\/wp\/v2\/product\/31364\/revisions"}],"predecessor-version":[{"id":68316,"href":"https:\/\/shop.vallin.lv\/lv\/wp-json\/wp\/v2\/product\/31364\/revisions\/68316"}],"wp:featuredmedia":[{"embeddable":true,"href":"https:\/\/shop.vallin.lv\/lv\/wp-json\/wp\/v2\/product\/31364"}],"wp:attachment":[{"href":"https:\/\/shop.vallin.lv\/lv\/wp-json\/wp\/v2\/media?parent=31364"}],"wp:term":[{"taxonomy":"product_brand","embeddable":true,"href":"https:\/\/shop.vallin.lv\/lv\/wp-json\/wp\/v2\/product_brand?post=31364"},{"taxonomy":"product_cat","embeddable":true,"href":"https:\/\/shop.vallin.lv\/lv\/wp-json\/wp\/v2\/product_cat?post=31364"},{"taxonomy":"product_tag","embeddable":true,"href":"https:\/\/shop.vallin.lv\/lv\/wp-json\/wp\/v2\/product_tag?post=31364"}],"curies":[{"name":"wp","href":"https:\/\/api.w.org\/{rel}","templated":true}]}}