{"id":31314,"date":"2025-12-10T20:20:50","date_gmt":"2025-12-10T18:20:50","guid":{"rendered":"https:\/\/shop.vallin.lv\/product\/knx-switch-blind-actuator-4-8-way-basic-device-c-load\/"},"modified":"2026-04-16T14:20:52","modified_gmt":"2026-04-16T12:20:52","slug":"knx-switch-blind-actuator-4-8-way-basic-device-c-load","status":"publish","type":"product","link":"https:\/\/shop.vallin.lv\/lv\/products\/knx-switch-blind-actuator-4-8-way-basic-device-c-load\/","title":{"rendered":"KNX sl\u0113dzis\/akls pievads 4\/8 kan\u0101lu, pamata ier\u012bce, C slodze"},"content":{"rendered":"<p>KNX switch\/blind actuator with relay outputs for 8 switching channels or 4 blind channels, expandable with RME 8 T or other MIX expansion devices, C-load, series installation housing width 4 TE, basic device and bus coupling are mechanically separable and can be replaced independently of each other. LED switching status indicator for each channel, manual switch with status indicator (even without bus voltage), links, contact type (normally open\/normally closed) and participation in central commands such as permanent on, permanent off, central switching and scene storage\/retrieval, switching functions: On\/off, pulse, on\/off delay, staircase lighting with warning according to DIN 18015-2, logical links: lock, AND, enable, OR. Feedback object for each channel, central objects with and without priority, call up and save scenes (object), scene object for each channel<\/p>\n<p><a href=\"https:\/\/www.theben.de\/product\/4930200\/operating-instructions\" target=\"_blank\" rel=\"noopener\">Lejupiel\u0101d\u0113t vair\u0101k inform\u0101cijas<\/a><\/p>\n<p><a href=\"https:\/\/www.theben.de\/product\/4930200\" target=\"_blank\" rel=\"noopener\">Vair\u0101k inform\u0101cijas<\/a><\/p>\n<p>Datu lapa:<br \/>\n<a href=\"https:\/\/www.theben.de\/product\/4930200\/datasheet\" target=\"_blank\" rel=\"noopener\">Skat\u012bt<\/a><\/p>","protected":false},"excerpt":{"rendered":"<p>KNX switch\/blind actuator with relay outputs for 8 switching channels or 4 blind channels, expandable with RME 8 T or<\/p>","protected":false},"featured_media":31314,"template":"","meta":[],"product_brand":[],"product_cat":[826],"product_tag":[],"class_list":{"0":"post-31314","1":"product","2":"type-product","3":"status-publish","4":"has-post-thumbnail","6":"product_cat-actuators-and-gateways","8":"first","9":"instock","10":"taxable","11":"shipping-taxable","12":"purchasable","13":"product-type-simple"},"_links":{"self":[{"href":"https:\/\/shop.vallin.lv\/lv\/wp-json\/wp\/v2\/product\/31314","targetHints":{"allow":["GET"]}}],"collection":[{"href":"https:\/\/shop.vallin.lv\/lv\/wp-json\/wp\/v2\/product"}],"about":[{"href":"https:\/\/shop.vallin.lv\/lv\/wp-json\/wp\/v2\/types\/product"}],"version-history":[{"count":4,"href":"https:\/\/shop.vallin.lv\/lv\/wp-json\/wp\/v2\/product\/31314\/revisions"}],"predecessor-version":[{"id":68304,"href":"https:\/\/shop.vallin.lv\/lv\/wp-json\/wp\/v2\/product\/31314\/revisions\/68304"}],"wp:featuredmedia":[{"embeddable":true,"href":"https:\/\/shop.vallin.lv\/lv\/wp-json\/wp\/v2\/product\/31314"}],"wp:attachment":[{"href":"https:\/\/shop.vallin.lv\/lv\/wp-json\/wp\/v2\/media?parent=31314"}],"wp:term":[{"taxonomy":"product_brand","embeddable":true,"href":"https:\/\/shop.vallin.lv\/lv\/wp-json\/wp\/v2\/product_brand?post=31314"},{"taxonomy":"product_cat","embeddable":true,"href":"https:\/\/shop.vallin.lv\/lv\/wp-json\/wp\/v2\/product_cat?post=31314"},{"taxonomy":"product_tag","embeddable":true,"href":"https:\/\/shop.vallin.lv\/lv\/wp-json\/wp\/v2\/product_tag?post=31314"}],"curies":[{"name":"wp","href":"https:\/\/api.w.org\/{rel}","templated":true}]}}