{"id":31312,"date":"2025-12-10T20:20:49","date_gmt":"2025-12-10T18:20:49","guid":{"rendered":"https:\/\/shop.vallin.lv\/product\/knx-fan-coil-actuator-basic-device-2\/"},"modified":"2026-04-16T14:23:46","modified_gmt":"2026-04-16T12:23:46","slug":"knx-fan-coil-actuator-basic-device-2","status":"publish","type":"product","link":"https:\/\/shop.vallin.lv\/lv\/products\/knx-fan-coil-actuator-basic-device-2\/","title":{"rendered":"KNX ventilatora spoles pievads, pamata ier\u012bce"},"content":{"rendered":"<p>Fan coil actuator, 4 TE, controls fan coils with up to 3 fan speeds, optionally with 0-10 V output (8 A) and the heating or cooling valve (triacs). 2-pipe and 4-pipe systems are supported. Proportional 0-10 V valves can be controlled. An additional relay (16 A) allows control of either an electric heating register or an electric cooling register.<\/p>\n<p><a href=\"https:\/\/www.theben.de\/product\/4920210\/operating-instructions\" target=\"_blank\" rel=\"noopener\">Lejupiel\u0101d\u0113t vair\u0101k inform\u0101cijas<\/a><\/p>\n<p><a href=\"https:\/\/www.theben.de\/product\/4920210\" target=\"_blank\" rel=\"noopener\">Vair\u0101k inform\u0101cijas<\/a><\/p>\n<p>Datu lapa:<br \/>\n<a href=\"https:\/\/www.theben.de\/product\/4920210\/datasheet\" target=\"_blank\" rel=\"noopener\">Skat\u012bt<\/a><\/p>","protected":false},"excerpt":{"rendered":"<p>Fan coil actuator, 4 TE, controls fan coils with up to 3 fan speeds, optionally with 0-10 V output (8<\/p>","protected":false},"featured_media":31312,"template":"","meta":[],"product_brand":[],"product_cat":[826],"product_tag":[],"class_list":{"0":"post-31312","1":"product","2":"type-product","3":"status-publish","4":"has-post-thumbnail","6":"product_cat-actuators-and-gateways","8":"first","9":"instock","10":"taxable","11":"shipping-taxable","12":"purchasable","13":"product-type-simple"},"_links":{"self":[{"href":"https:\/\/shop.vallin.lv\/lv\/wp-json\/wp\/v2\/product\/31312","targetHints":{"allow":["GET"]}}],"collection":[{"href":"https:\/\/shop.vallin.lv\/lv\/wp-json\/wp\/v2\/product"}],"about":[{"href":"https:\/\/shop.vallin.lv\/lv\/wp-json\/wp\/v2\/types\/product"}],"version-history":[{"count":4,"href":"https:\/\/shop.vallin.lv\/lv\/wp-json\/wp\/v2\/product\/31312\/revisions"}],"predecessor-version":[{"id":68303,"href":"https:\/\/shop.vallin.lv\/lv\/wp-json\/wp\/v2\/product\/31312\/revisions\/68303"}],"wp:featuredmedia":[{"embeddable":true,"href":"https:\/\/shop.vallin.lv\/lv\/wp-json\/wp\/v2\/product\/31312"}],"wp:attachment":[{"href":"https:\/\/shop.vallin.lv\/lv\/wp-json\/wp\/v2\/media?parent=31312"}],"wp:term":[{"taxonomy":"product_brand","embeddable":true,"href":"https:\/\/shop.vallin.lv\/lv\/wp-json\/wp\/v2\/product_brand?post=31312"},{"taxonomy":"product_cat","embeddable":true,"href":"https:\/\/shop.vallin.lv\/lv\/wp-json\/wp\/v2\/product_cat?post=31312"},{"taxonomy":"product_tag","embeddable":true,"href":"https:\/\/shop.vallin.lv\/lv\/wp-json\/wp\/v2\/product_tag?post=31312"}],"curies":[{"name":"wp","href":"https:\/\/api.w.org\/{rel}","templated":true}]}}