{"id":31083,"date":"2025-12-10T20:17:46","date_gmt":"2025-12-10T18:17:46","guid":{"rendered":"https:\/\/shop.vallin.lv\/product\/knx-presence-detector-for-ceiling-mounting-2xlight-and-2xhvac-max-24-m-diameter\/"},"modified":"2026-04-16T14:21:28","modified_gmt":"2026-04-16T12:21:28","slug":"knx-presence-detector-for-ceiling-mounting-2xlight-and-2xhvac-max-24-m-diameter","status":"publish","type":"product","link":"https:\/\/shop.vallin.lv\/lv\/products\/knx-presence-detector-for-ceiling-mounting-2xlight-and-2xhvac-max-24-m-diameter\/","title":{"rendered":"KNX kl\u0101tb\u016btnes detektors griestu mont\u0101\u017eai, 2xlight un 2xHVAC, maksim\u0101lais diametrs 24 m"},"content":{"rendered":"<p>KNX presence detector for ceiling mounting, 2 channels of light for controlling 2 light groups, switching or constant light control, switchable between fully automatic and semi-automatic operation, channel brightness with cyclic output, channel for room monitoring, reduction of light follow-up time for short periods of presence, mixed light measurement, round detection area, adjustable and self-learning light switch-off delay, switching between 2 brightness setpoints, brightness setpoints adjustable via bus, standby functionality, 2 presence channels with switch-on and switch-off delay, paraMeters can be controlled remotely, master\/slave operation selectable, test functions, scene control with two scenes, 8-bit scenes, integrated bus coupler<\/p>\n<p><a href=\"https:\/\/www.theben.de\/product\/2089000\/operating-instructions\" target=\"_blank\" rel=\"noopener\">Lejupiel\u0101d\u0113t vair\u0101k inform\u0101cijas<\/a><\/p>\n<p><a href=\"https:\/\/www.theben.de\/product\/2089000\" target=\"_blank\" rel=\"noopener\">Vair\u0101k inform\u0101cijas<\/a><\/p>\n<p>Datu lapa:<br \/>\n<a href=\"https:\/\/www.theben.de\/product\/2089000\/datasheet\" target=\"_blank\" rel=\"noopener\">Skat\u012bt<\/a><\/p>","protected":false},"excerpt":{"rendered":"<p>KNX presence detector for ceiling mounting, 2 channels of light for controlling 2 light groups, switching or constant light control,<\/p>","protected":false},"featured_media":31083,"template":"","meta":[],"product_brand":[],"product_cat":[823],"product_tag":[],"class_list":{"0":"post-31083","1":"product","2":"type-product","3":"status-publish","4":"has-post-thumbnail","6":"product_cat-presence-and-motion-sensors-building-management-knx","8":"first","9":"instock","10":"taxable","11":"shipping-taxable","12":"purchasable","13":"product-type-simple"},"_links":{"self":[{"href":"https:\/\/shop.vallin.lv\/lv\/wp-json\/wp\/v2\/product\/31083","targetHints":{"allow":["GET"]}}],"collection":[{"href":"https:\/\/shop.vallin.lv\/lv\/wp-json\/wp\/v2\/product"}],"about":[{"href":"https:\/\/shop.vallin.lv\/lv\/wp-json\/wp\/v2\/types\/product"}],"version-history":[{"count":4,"href":"https:\/\/shop.vallin.lv\/lv\/wp-json\/wp\/v2\/product\/31083\/revisions"}],"predecessor-version":[{"id":68217,"href":"https:\/\/shop.vallin.lv\/lv\/wp-json\/wp\/v2\/product\/31083\/revisions\/68217"}],"wp:featuredmedia":[{"embeddable":true,"href":"https:\/\/shop.vallin.lv\/lv\/wp-json\/wp\/v2\/product\/31083"}],"wp:attachment":[{"href":"https:\/\/shop.vallin.lv\/lv\/wp-json\/wp\/v2\/media?parent=31083"}],"wp:term":[{"taxonomy":"product_brand","embeddable":true,"href":"https:\/\/shop.vallin.lv\/lv\/wp-json\/wp\/v2\/product_brand?post=31083"},{"taxonomy":"product_cat","embeddable":true,"href":"https:\/\/shop.vallin.lv\/lv\/wp-json\/wp\/v2\/product_cat?post=31083"},{"taxonomy":"product_tag","embeddable":true,"href":"https:\/\/shop.vallin.lv\/lv\/wp-json\/wp\/v2\/product_tag?post=31083"}],"curies":[{"name":"wp","href":"https:\/\/api.w.org\/{rel}","templated":true}]}}