{"id":31081,"date":"2025-12-10T20:17:45","date_gmt":"2025-12-10T18:17:45","guid":{"rendered":"https:\/\/shop.vallin.lv\/product\/presence-sensor-for-ceiling-mounting-dali-2-certified-round-detection-area-360-up-to-o-9-m-64-m%c2%b2\/"},"modified":"2026-05-07T15:56:11","modified_gmt":"2026-05-07T13:56:11","slug":"presence-sensor-for-ceiling-mounting-dali-2-certified-round-detection-area-360-up-to-o-9-m-64-m%c2%b2","status":"publish","type":"product","link":"https:\/\/shop.vallin.lv\/lv\/products\/presence-sensor-for-ceiling-mounting-dali-2-certified-round-detection-area-360-up-to-o-9-m-64-m%c2%b2\/","title":{"rendered":"Kl\u0101tb\u016btnes sensors griestu mont\u0101\u017eai, DALI-2 sertific\u0113ts, ap\u013ca noteik\u0161anas laukums 360\u00b0, l\u012bdz  9 m (64 m2)"},"content":{"rendered":"<p>Presence sensor for ceiling mounting, DALI-2 certified, round detection range 360\u00b0, up to \u00d8 9 m (64 m\u00b2), mixed light measurement 1-way, 1 instance for presence, 1 instance for brightness, provides information about \"presence\" and \"brightness\" as a DALI telegram in accordance with IEC 62386 parts 303\/304, easy adjustment of brightness measurement, test mode for checking function and detection range, adjustable detection sensitivity, a multi-master application controller is required for commissioning\/control and configuration; this must support parts 101\/103 and optionally 301\/303\/304 in accordance with IEC 62386<\/p>\n<p><a href=\"https:\/\/www.theben.de\/product\/2080590\/operating-instructions\" target=\"_blank\" rel=\"noopener\">Lejupiel\u0101d\u0113t vair\u0101k inform\u0101cijas<\/a><\/p>\n<p><a href=\"https:\/\/www.theben.de\/product\/2080590\" target=\"_blank\" rel=\"noopener\">Vair\u0101k inform\u0101cijas<\/a><\/p>\n<p>Datu lapa:<br \/>\n<a href=\"https:\/\/www.theben.de\/product\/2080590\/datasheet\" target=\"_blank\" rel=\"noopener\">Skat\u012bt<\/a><\/p>","protected":false},"excerpt":{"rendered":"<p>Presence sensor for ceiling mounting, DALI-2 certified, round detection range 360\u00b0, up to \u00d8 9 m (64 m\u00b2), mixed light<\/p>","protected":false},"featured_media":31081,"template":"","meta":[],"product_brand":[],"product_cat":[892],"product_tag":[],"class_list":{"0":"post-31081","1":"product","2":"type-product","3":"status-publish","4":"has-post-thumbnail","6":"product_cat-ceilingmounted-indoor-presence-and-motion-sensors","8":"first","9":"instock","10":"taxable","11":"shipping-taxable","12":"purchasable","13":"product-type-simple"},"_links":{"self":[{"href":"https:\/\/shop.vallin.lv\/lv\/wp-json\/wp\/v2\/product\/31081","targetHints":{"allow":["GET"]}}],"collection":[{"href":"https:\/\/shop.vallin.lv\/lv\/wp-json\/wp\/v2\/product"}],"about":[{"href":"https:\/\/shop.vallin.lv\/lv\/wp-json\/wp\/v2\/types\/product"}],"version-history":[{"count":4,"href":"https:\/\/shop.vallin.lv\/lv\/wp-json\/wp\/v2\/product\/31081\/revisions"}],"predecessor-version":[{"id":68216,"href":"https:\/\/shop.vallin.lv\/lv\/wp-json\/wp\/v2\/product\/31081\/revisions\/68216"}],"wp:featuredmedia":[{"embeddable":true,"href":"https:\/\/shop.vallin.lv\/lv\/wp-json\/wp\/v2\/product\/31081"}],"wp:attachment":[{"href":"https:\/\/shop.vallin.lv\/lv\/wp-json\/wp\/v2\/media?parent=31081"}],"wp:term":[{"taxonomy":"product_brand","embeddable":true,"href":"https:\/\/shop.vallin.lv\/lv\/wp-json\/wp\/v2\/product_brand?post=31081"},{"taxonomy":"product_cat","embeddable":true,"href":"https:\/\/shop.vallin.lv\/lv\/wp-json\/wp\/v2\/product_cat?post=31081"},{"taxonomy":"product_tag","embeddable":true,"href":"https:\/\/shop.vallin.lv\/lv\/wp-json\/wp\/v2\/product_tag?post=31081"}],"curies":[{"name":"wp","href":"https:\/\/api.w.org\/{rel}","templated":true}]}}