{"id":31077,"date":"2025-12-10T20:17:43","date_gmt":"2025-12-10T18:17:43","guid":{"rendered":"https:\/\/shop.vallin.lv\/product\/presence-detector-pir-with-cable-and-wago-winsta-connectors-detection-range-8-m-1-x-light-2\/"},"modified":"2026-04-16T14:21:08","modified_gmt":"2026-04-16T12:21:08","slug":"presence-detector-pir-with-cable-and-wago-winsta-connectors-detection-range-8-m-1-x-light-2","status":"publish","type":"product","link":"https:\/\/shop.vallin.lv\/lv\/products\/presence-detector-pir-with-cable-and-wago-winsta-connectors-detection-range-8-m-1-x-light-2\/","title":{"rendered":"Kl\u0101tb\u016btnes detektors (PIR), ar kabe\u013cu un WAGO WINSTA savienot\u0101jiem, uztver\u0161anas diapazons 8 m, 1 x gaisma"},"content":{"rendered":"<p>Presence detector (PIR), with cable and WAGO WINSTA connectors, detection range 8 m, 1 x light, cable length 0.9 m, round detection range, automatic brightness-dependent control for lighting, mixed light measurement, adjustable switch-off delay, adjustable sensitivity, preset values (remote parameterization possible)<\/p>\n<p><a href=\"https:\/\/www.theben.de\/product\/2080575\/operating-instructions\" target=\"_blank\" rel=\"noopener\">Lejupiel\u0101d\u0113t vair\u0101k inform\u0101cijas<\/a><\/p>\n<p><a href=\"https:\/\/www.theben.de\/product\/2080575\" target=\"_blank\" rel=\"noopener\">Vair\u0101k inform\u0101cijas<\/a><\/p>\n<p>Datu lapa:<br \/>\n<a href=\"https:\/\/www.theben.de\/product\/2080575\/datasheet\" target=\"_blank\" rel=\"noopener\">Skat\u012bt<\/a><\/p>","protected":false},"excerpt":{"rendered":"<p>Presence detector (PIR), with cable and WAGO WINSTA connectors, detection range 8 m, 1 x light, cable length 0.9 m,<\/p>","protected":false},"featured_media":31077,"template":"","meta":[],"product_brand":[],"product_cat":[892],"product_tag":[],"class_list":{"0":"post-31077","1":"product","2":"type-product","3":"status-publish","4":"has-post-thumbnail","6":"product_cat-ceilingmounted-indoor-presence-and-motion-sensors","8":"first","9":"outofstock","10":"taxable","11":"shipping-taxable","12":"purchasable","13":"product-type-simple"},"_links":{"self":[{"href":"https:\/\/shop.vallin.lv\/lv\/wp-json\/wp\/v2\/product\/31077","targetHints":{"allow":["GET"]}}],"collection":[{"href":"https:\/\/shop.vallin.lv\/lv\/wp-json\/wp\/v2\/product"}],"about":[{"href":"https:\/\/shop.vallin.lv\/lv\/wp-json\/wp\/v2\/types\/product"}],"version-history":[{"count":4,"href":"https:\/\/shop.vallin.lv\/lv\/wp-json\/wp\/v2\/product\/31077\/revisions"}],"predecessor-version":[{"id":68214,"href":"https:\/\/shop.vallin.lv\/lv\/wp-json\/wp\/v2\/product\/31077\/revisions\/68214"}],"wp:featuredmedia":[{"embeddable":true,"href":"https:\/\/shop.vallin.lv\/lv\/wp-json\/wp\/v2\/product\/31077"}],"wp:attachment":[{"href":"https:\/\/shop.vallin.lv\/lv\/wp-json\/wp\/v2\/media?parent=31077"}],"wp:term":[{"taxonomy":"product_brand","embeddable":true,"href":"https:\/\/shop.vallin.lv\/lv\/wp-json\/wp\/v2\/product_brand?post=31077"},{"taxonomy":"product_cat","embeddable":true,"href":"https:\/\/shop.vallin.lv\/lv\/wp-json\/wp\/v2\/product_cat?post=31077"},{"taxonomy":"product_tag","embeddable":true,"href":"https:\/\/shop.vallin.lv\/lv\/wp-json\/wp\/v2\/product_tag?post=31077"}],"curies":[{"name":"wp","href":"https:\/\/api.w.org\/{rel}","templated":true}]}}