{"id":30981,"date":"2025-12-10T20:16:23","date_gmt":"2025-12-10T18:16:23","guid":{"rendered":"https:\/\/shop.vallin.lv\/product\/presence-detector-pir-with-cable-and-wieland-gst18-plugs-detection-range-24-m-1-x-light-1-pushbutton-input-1-secondary-input\/"},"modified":"2026-04-16T14:21:04","modified_gmt":"2026-04-16T12:21:04","slug":"presence-detector-pir-with-cable-and-wieland-gst18-plugs-detection-range-24-m-1-x-light-1-pushbutton-input-1-secondary-input","status":"publish","type":"product","link":"https:\/\/shop.vallin.lv\/lv\/products\/presence-detector-pir-with-cable-and-wieland-gst18-plugs-detection-range-24-m-1-x-light-1-pushbutton-input-1-secondary-input\/","title":{"rendered":"Kl\u0101tb\u016btnes detektors (PIR), ar kabe\u013cu un Wieland GST18 spraud\u0146iem, uztver\u0161anas diapazons 24 m, 1 x gaisma, 1 spiedpogas ieeja, 1 sekund\u0101r\u0101 ieeja"},"content":{"rendered":"<p>Presence detector (PIR), with cable and Wieland GST18 plugs, detection range 24 m, 1 x light, 1 push button input, 1 secondary input, cable length 0.9 m, automatic presence and brightness-dependent control for lighting, switchable between fully automatic and semi-automatic operation, teach-in function, mixed light measurement, channel A light: adjustable switch-off delay, staircase lighting function, connection option for push button or switch for manual switching, with automatic push button\/switch detection, adjustable sensitivity, remote parameterization<\/p>\n<p><a href=\"https:\/\/www.theben.de\/product\/2080050\/operating-instructions\" target=\"_blank\" rel=\"noopener\">Lejupiel\u0101d\u0113t vair\u0101k inform\u0101cijas<\/a><\/p>\n<p><a href=\"https:\/\/www.theben.de\/product\/2080050\" target=\"_blank\" rel=\"noopener\">Vair\u0101k inform\u0101cijas<\/a><\/p>\n<p>Datu lapa:<br \/>\n<a href=\"https:\/\/www.theben.de\/product\/2080050\/datasheet\" target=\"_blank\" rel=\"noopener\">Skat\u012bt<\/a><\/p>","protected":false},"excerpt":{"rendered":"<p>Presence detector (PIR), with cable and Wieland GST18 plugs, detection range 24 m, 1 x light, 1 push button input,<\/p>","protected":false},"featured_media":30981,"template":"","meta":[],"product_brand":[],"product_cat":[892],"product_tag":[],"class_list":{"0":"post-30981","1":"product","2":"type-product","3":"status-publish","4":"has-post-thumbnail","6":"product_cat-ceilingmounted-indoor-presence-and-motion-sensors","8":"first","9":"outofstock","10":"taxable","11":"shipping-taxable","12":"purchasable","13":"product-type-simple"},"_links":{"self":[{"href":"https:\/\/shop.vallin.lv\/lv\/wp-json\/wp\/v2\/product\/30981","targetHints":{"allow":["GET"]}}],"collection":[{"href":"https:\/\/shop.vallin.lv\/lv\/wp-json\/wp\/v2\/product"}],"about":[{"href":"https:\/\/shop.vallin.lv\/lv\/wp-json\/wp\/v2\/types\/product"}],"version-history":[{"count":4,"href":"https:\/\/shop.vallin.lv\/lv\/wp-json\/wp\/v2\/product\/30981\/revisions"}],"predecessor-version":[{"id":68181,"href":"https:\/\/shop.vallin.lv\/lv\/wp-json\/wp\/v2\/product\/30981\/revisions\/68181"}],"wp:featuredmedia":[{"embeddable":true,"href":"https:\/\/shop.vallin.lv\/lv\/wp-json\/wp\/v2\/product\/30981"}],"wp:attachment":[{"href":"https:\/\/shop.vallin.lv\/lv\/wp-json\/wp\/v2\/media?parent=30981"}],"wp:term":[{"taxonomy":"product_brand","embeddable":true,"href":"https:\/\/shop.vallin.lv\/lv\/wp-json\/wp\/v2\/product_brand?post=30981"},{"taxonomy":"product_cat","embeddable":true,"href":"https:\/\/shop.vallin.lv\/lv\/wp-json\/wp\/v2\/product_cat?post=30981"},{"taxonomy":"product_tag","embeddable":true,"href":"https:\/\/shop.vallin.lv\/lv\/wp-json\/wp\/v2\/product_tag?post=30981"}],"curies":[{"name":"wp","href":"https:\/\/api.w.org\/{rel}","templated":true}]}}