{"id":30979,"date":"2025-12-10T20:16:21","date_gmt":"2025-12-10T18:16:21","guid":{"rendered":"https:\/\/shop.vallin.lv\/product\/dali-presence-detector-for-ceiling-mounting-2\/"},"modified":"2026-04-16T14:21:09","modified_gmt":"2026-04-16T12:21:09","slug":"dali-presence-detector-for-ceiling-mounting-2","status":"publish","type":"product","link":"https:\/\/shop.vallin.lv\/lv\/products\/dali-presence-detector-for-ceiling-mounting-2\/","title":{"rendered":"DALI kl\u0101tb\u016btnes detektors griestu mont\u0101\u017eai"},"content":{"rendered":"<p>presence detector for ceiling mounting, round detection area up to 24 m, DALI master for max. 50 DALI ballasts, Up to 3 DALI addressable light channels, easy configuration of DALI groups, up to 3 push button inputs, use of conventional push buttons for maximum design freedom, flexible assignment of push buttons to the desired light channel via optional remote control, operation switching or constant light control with standby functionality, adaptive 3-channel light measurement, short-term presence<\/p>\n<p><a href=\"https:\/\/www.theben.de\/product\/2080045\/operating-instructions\" target=\"_blank\" rel=\"noopener\">Lejupiel\u0101d\u0113t vair\u0101k inform\u0101cijas<\/a><\/p>\n<p><a href=\"https:\/\/www.theben.de\/product\/2080045\" target=\"_blank\" rel=\"noopener\">Vair\u0101k inform\u0101cijas<\/a><\/p>\n<p>Datu lapa:<br \/>\n<a href=\"https:\/\/www.theben.de\/product\/2080045\/datasheet\" target=\"_blank\" rel=\"noopener\">Skat\u012bt<\/a><\/p>","protected":false},"excerpt":{"rendered":"<p>presence detector for ceiling mounting, round detection area up to 24 m, DALI master for max. 50 DALI ballasts, Up<\/p>","protected":false},"featured_media":30979,"template":"","meta":[],"product_brand":[],"product_cat":[892],"product_tag":[],"class_list":{"0":"post-30979","1":"product","2":"type-product","3":"status-publish","4":"has-post-thumbnail","6":"product_cat-ceilingmounted-indoor-presence-and-motion-sensors","8":"first","9":"outofstock","10":"taxable","11":"shipping-taxable","12":"purchasable","13":"product-type-simple"},"_links":{"self":[{"href":"https:\/\/shop.vallin.lv\/lv\/wp-json\/wp\/v2\/product\/30979","targetHints":{"allow":["GET"]}}],"collection":[{"href":"https:\/\/shop.vallin.lv\/lv\/wp-json\/wp\/v2\/product"}],"about":[{"href":"https:\/\/shop.vallin.lv\/lv\/wp-json\/wp\/v2\/types\/product"}],"version-history":[{"count":4,"href":"https:\/\/shop.vallin.lv\/lv\/wp-json\/wp\/v2\/product\/30979\/revisions"}],"predecessor-version":[{"id":68180,"href":"https:\/\/shop.vallin.lv\/lv\/wp-json\/wp\/v2\/product\/30979\/revisions\/68180"}],"wp:featuredmedia":[{"embeddable":true,"href":"https:\/\/shop.vallin.lv\/lv\/wp-json\/wp\/v2\/product\/30979"}],"wp:attachment":[{"href":"https:\/\/shop.vallin.lv\/lv\/wp-json\/wp\/v2\/media?parent=30979"}],"wp:term":[{"taxonomy":"product_brand","embeddable":true,"href":"https:\/\/shop.vallin.lv\/lv\/wp-json\/wp\/v2\/product_brand?post=30979"},{"taxonomy":"product_cat","embeddable":true,"href":"https:\/\/shop.vallin.lv\/lv\/wp-json\/wp\/v2\/product_cat?post=30979"},{"taxonomy":"product_tag","embeddable":true,"href":"https:\/\/shop.vallin.lv\/lv\/wp-json\/wp\/v2\/product_tag?post=30979"}],"curies":[{"name":"wp","href":"https:\/\/api.w.org\/{rel}","templated":true}]}}