{"id":30977,"date":"2025-12-10T20:16:20","date_gmt":"2025-12-10T18:16:20","guid":{"rendered":"https:\/\/shop.vallin.lv\/product\/dali-presence-detector-for-ceiling-mounting\/"},"modified":"2026-05-07T15:56:10","modified_gmt":"2026-05-07T13:56:10","slug":"dali-presence-detector-for-ceiling-mounting","status":"publish","type":"product","link":"https:\/\/shop.vallin.lv\/lv\/products\/dali-presence-detector-for-ceiling-mounting\/","title":{"rendered":"DALI kl\u0101tb\u016btnes detektors griestu mont\u0101\u017eai"},"content":{"rendered":"<p>Presence detector for ceiling mounting, round detection area up to 24 m, DALI master for max. 50 DALI ballasts, 1 light channel DALI broadcast, simple configuration of DALI groups, 1 push-button input, use of conventional push buttons for maximum design freedom, flexible assignment of push buttons to the desired light channel via optional remote control, switching or constant light control with standby functionality, adaptive 1-channel light measurement, short-term presence<\/p>\n<p><a href=\"https:\/\/www.theben.de\/product\/2080040\/operating-instructions\" target=\"_blank\" rel=\"noopener\">Lejupiel\u0101d\u0113t vair\u0101k inform\u0101cijas<\/a><\/p>\n<p><a href=\"https:\/\/www.theben.de\/product\/2080040\" target=\"_blank\" rel=\"noopener\">Vair\u0101k inform\u0101cijas<\/a><\/p>\n<p>Datu lapa:<br \/>\n<a href=\"https:\/\/www.theben.de\/product\/2080040\/datasheet\" target=\"_blank\" rel=\"noopener\">Skat\u012bt<\/a><\/p>","protected":false},"excerpt":{"rendered":"<p>Presence detector for ceiling mounting, round detection area up to 24 m, DALI master for max. 50 DALI ballasts, 1<\/p>","protected":false},"featured_media":30977,"template":"","meta":[],"product_brand":[],"product_cat":[892],"product_tag":[],"class_list":{"0":"post-30977","1":"product","2":"type-product","3":"status-publish","4":"has-post-thumbnail","6":"product_cat-ceilingmounted-indoor-presence-and-motion-sensors","8":"first","9":"instock","10":"taxable","11":"shipping-taxable","12":"purchasable","13":"product-type-simple"},"_links":{"self":[{"href":"https:\/\/shop.vallin.lv\/lv\/wp-json\/wp\/v2\/product\/30977","targetHints":{"allow":["GET"]}}],"collection":[{"href":"https:\/\/shop.vallin.lv\/lv\/wp-json\/wp\/v2\/product"}],"about":[{"href":"https:\/\/shop.vallin.lv\/lv\/wp-json\/wp\/v2\/types\/product"}],"version-history":[{"count":4,"href":"https:\/\/shop.vallin.lv\/lv\/wp-json\/wp\/v2\/product\/30977\/revisions"}],"predecessor-version":[{"id":68179,"href":"https:\/\/shop.vallin.lv\/lv\/wp-json\/wp\/v2\/product\/30977\/revisions\/68179"}],"wp:featuredmedia":[{"embeddable":true,"href":"https:\/\/shop.vallin.lv\/lv\/wp-json\/wp\/v2\/product\/30977"}],"wp:attachment":[{"href":"https:\/\/shop.vallin.lv\/lv\/wp-json\/wp\/v2\/media?parent=30977"}],"wp:term":[{"taxonomy":"product_brand","embeddable":true,"href":"https:\/\/shop.vallin.lv\/lv\/wp-json\/wp\/v2\/product_brand?post=30977"},{"taxonomy":"product_cat","embeddable":true,"href":"https:\/\/shop.vallin.lv\/lv\/wp-json\/wp\/v2\/product_cat?post=30977"},{"taxonomy":"product_tag","embeddable":true,"href":"https:\/\/shop.vallin.lv\/lv\/wp-json\/wp\/v2\/product_tag?post=30977"}],"curies":[{"name":"wp","href":"https:\/\/api.w.org\/{rel}","templated":true}]}}