{"id":30975,"date":"2025-12-10T20:16:19","date_gmt":"2025-12-10T18:16:19","guid":{"rendered":"https:\/\/shop.vallin.lv\/product\/presence-detector-for-ceiling-mounting-slave-version-8\/"},"modified":"2026-04-16T14:23:46","modified_gmt":"2026-04-16T12:23:46","slug":"presence-detector-for-ceiling-mounting-slave-version-8","status":"publish","type":"product","link":"https:\/\/shop.vallin.lv\/lv\/products\/presence-detector-for-ceiling-mounting-slave-version-8\/","title":{"rendered":"Kl\u0101tb\u016btnes detektors griestu mont\u0101\u017eai, vergu versija"},"content":{"rendered":"<p>Slave presence detector for ceiling mounting, round detection area, can only be used in combination with theRonda P M as master<\/p>\n<p><a href=\"https:\/\/www.theben.de\/product\/2080030\/operating-instructions\" target=\"_blank\" rel=\"noopener\">Lejupiel\u0101d\u0113t vair\u0101k inform\u0101cijas<\/a><\/p>\n<p><a href=\"https:\/\/www.theben.de\/product\/2080030\" target=\"_blank\" rel=\"noopener\">Vair\u0101k inform\u0101cijas<\/a><\/p>\n<p>Datu lapa:<br \/>\n<a href=\"https:\/\/www.theben.de\/product\/2080030\/datasheet\" target=\"_blank\" rel=\"noopener\">Skat\u012bt<\/a><\/p>","protected":false},"excerpt":{"rendered":"<p>Slave presence detector for ceiling mounting, round detection area, can only be used in combination with theRonda P M as<\/p>","protected":false},"featured_media":30975,"template":"","meta":[],"product_brand":[],"product_cat":[892],"product_tag":[],"class_list":{"0":"post-30975","1":"product","2":"type-product","3":"status-publish","4":"has-post-thumbnail","6":"product_cat-ceilingmounted-indoor-presence-and-motion-sensors","8":"first","9":"outofstock","10":"taxable","11":"shipping-taxable","12":"purchasable","13":"product-type-simple"},"_links":{"self":[{"href":"https:\/\/shop.vallin.lv\/lv\/wp-json\/wp\/v2\/product\/30975","targetHints":{"allow":["GET"]}}],"collection":[{"href":"https:\/\/shop.vallin.lv\/lv\/wp-json\/wp\/v2\/product"}],"about":[{"href":"https:\/\/shop.vallin.lv\/lv\/wp-json\/wp\/v2\/types\/product"}],"version-history":[{"count":4,"href":"https:\/\/shop.vallin.lv\/lv\/wp-json\/wp\/v2\/product\/30975\/revisions"}],"predecessor-version":[{"id":68178,"href":"https:\/\/shop.vallin.lv\/lv\/wp-json\/wp\/v2\/product\/30975\/revisions\/68178"}],"wp:featuredmedia":[{"embeddable":true,"href":"https:\/\/shop.vallin.lv\/lv\/wp-json\/wp\/v2\/product\/30975"}],"wp:attachment":[{"href":"https:\/\/shop.vallin.lv\/lv\/wp-json\/wp\/v2\/media?parent=30975"}],"wp:term":[{"taxonomy":"product_brand","embeddable":true,"href":"https:\/\/shop.vallin.lv\/lv\/wp-json\/wp\/v2\/product_brand?post=30975"},{"taxonomy":"product_cat","embeddable":true,"href":"https:\/\/shop.vallin.lv\/lv\/wp-json\/wp\/v2\/product_cat?post=30975"},{"taxonomy":"product_tag","embeddable":true,"href":"https:\/\/shop.vallin.lv\/lv\/wp-json\/wp\/v2\/product_tag?post=30975"}],"curies":[{"name":"wp","href":"https:\/\/api.w.org\/{rel}","templated":true}]}}