{"id":30873,"date":"2025-12-10T20:15:00","date_gmt":"2025-12-10T18:15:00","guid":{"rendered":"https:\/\/shop.vallin.lv\/product\/wall-mounted-flush-mounted-presence-detector-detection-range-16-x-10-m-1-x-lighting-1-x-hvac-mounting-height-2-20-m\/"},"modified":"2026-04-16T14:22:57","modified_gmt":"2026-04-16T12:22:57","slug":"wall-mounted-flush-mounted-presence-detector-detection-range-16-x-10-m-1-x-lighting-1-x-hvac-mounting-height-2-20-m","status":"publish","type":"product","link":"https:\/\/shop.vallin.lv\/lv\/products\/wall-mounted-flush-mounted-presence-detector-detection-range-16-x-10-m-1-x-lighting-1-x-hvac-mounting-height-2-20-m\/","title":{"rendered":"Sienas zemapmetuma kl\u0101tb\u016btnes detektors, uztver\u0161anas diapazons 16 x 10 m, 1 x apgaismojums, 1 x HVAC, mont\u0101\u017eas augstums 2,20 m"},"content":{"rendered":"<p>Passive infrared presence detector for flush-mounted wall installation, 1 channel for light and 1 channel for presence, with Theben cover frame, semicircular detection range 170\u00b0 up to 16x10 m, mounting height 2.20 m, automatic presence and brightness-dependent control for lighting, acoustic function and orientation light, automatic brightness measurement adjustment, adjustable sensitivity, external button can be connected, short-term presence, remote controllable, operation as fully or semi-automatic, switchable, brightness switching value adjustable, Teach-in function, staircase light and pulse function, switch-on delay and follow-up time adjustable, detection range can be restricted, integrated button (can be blocked), detection range can be extended using master\/slave circuit<\/p>\n<p><a href=\"https:\/\/www.theben.de\/product\/2060658\/operating-instructions\" target=\"_blank\" rel=\"noopener\">Lejupiel\u0101d\u0113t vair\u0101k inform\u0101cijas<\/a><\/p>\n<p><a href=\"https:\/\/www.theben.de\/product\/2060658\" target=\"_blank\" rel=\"noopener\">Vair\u0101k inform\u0101cijas<\/a><\/p>\n<p>Datu lapa:<br \/>\n<a href=\"https:\/\/www.theben.de\/product\/2060658\/datasheet\" target=\"_blank\" rel=\"noopener\">Skat\u012bt<\/a><\/p>","protected":false},"excerpt":{"rendered":"<p>Passive infrared presence detector for flush-mounted wall installation, 1 channel for light and 1 channel for presence, with Theben cover<\/p>","protected":false},"featured_media":30873,"template":"","meta":[],"product_brand":[],"product_cat":[891],"product_tag":[],"class_list":{"0":"post-30873","1":"product","2":"type-product","3":"status-publish","4":"has-post-thumbnail","6":"product_cat-wallmounted-indoor-presence-and-motion-sensors","8":"first","9":"instock","10":"taxable","11":"shipping-taxable","12":"purchasable","13":"product-type-simple"},"_links":{"self":[{"href":"https:\/\/shop.vallin.lv\/lv\/wp-json\/wp\/v2\/product\/30873","targetHints":{"allow":["GET"]}}],"collection":[{"href":"https:\/\/shop.vallin.lv\/lv\/wp-json\/wp\/v2\/product"}],"about":[{"href":"https:\/\/shop.vallin.lv\/lv\/wp-json\/wp\/v2\/types\/product"}],"version-history":[{"count":4,"href":"https:\/\/shop.vallin.lv\/lv\/wp-json\/wp\/v2\/product\/30873\/revisions"}],"predecessor-version":[{"id":68142,"href":"https:\/\/shop.vallin.lv\/lv\/wp-json\/wp\/v2\/product\/30873\/revisions\/68142"}],"wp:featuredmedia":[{"embeddable":true,"href":"https:\/\/shop.vallin.lv\/lv\/wp-json\/wp\/v2\/product\/30873"}],"wp:attachment":[{"href":"https:\/\/shop.vallin.lv\/lv\/wp-json\/wp\/v2\/media?parent=30873"}],"wp:term":[{"taxonomy":"product_brand","embeddable":true,"href":"https:\/\/shop.vallin.lv\/lv\/wp-json\/wp\/v2\/product_brand?post=30873"},{"taxonomy":"product_cat","embeddable":true,"href":"https:\/\/shop.vallin.lv\/lv\/wp-json\/wp\/v2\/product_cat?post=30873"},{"taxonomy":"product_tag","embeddable":true,"href":"https:\/\/shop.vallin.lv\/lv\/wp-json\/wp\/v2\/product_tag?post=30873"}],"curies":[{"name":"wp","href":"https:\/\/api.w.org\/{rel}","templated":true}]}}