{"id":30863,"date":"2025-12-10T20:14:54","date_gmt":"2025-12-10T18:14:54","guid":{"rendered":"https:\/\/shop.vallin.lv\/product\/knx-presence-detector-for-storage-aisles-and-corridors-light-and-hvac-white\/"},"modified":"2026-04-16T14:21:28","modified_gmt":"2026-04-16T12:21:28","slug":"knx-presence-detector-for-storage-aisles-and-corridors-light-and-hvac-white","status":"publish","type":"product","link":"https:\/\/shop.vallin.lv\/lv\/products\/knx-presence-detector-for-storage-aisles-and-corridors-light-and-hvac-white\/","title":{"rendered":"KNX kl\u0101tb\u016btnes detektors uzglab\u0101\u0161anas ej\u0101m un koridoriem, gaismai un HVAC, balts"},"content":{"rendered":"<p>KNX Flush-mounted presence detector for ceiling mounting, KNX interface, detection range 30 x 4.5 m switchable to 15 x 4.5 m (for walking persons) at 3 m mounting height, mounting height up to 6 m, 2 light channels with 2 light measurements, constant light control or switching mode with dimmable lighting, standby dimming value continuously adjustable from 1-25% as orientation light, 2 presence channels for HVAC, aura effect, running light function, walking direction detection, switchable between fully automatic and semi-automatic operation, teach-in, staircase lighting function, short-term presence, remote controllable, light measurement 10-3000 lux, easy light measurement adjustment, adjustable sensitivity, protection class IP 54, white housing<\/p>\n<p><a href=\"https:\/\/www.theben.de\/product\/2019300\/operating-instructions\" target=\"_blank\" rel=\"noopener\">Lejupiel\u0101d\u0113t vair\u0101k inform\u0101cijas<\/a><\/p>\n<p><a href=\"https:\/\/www.theben.de\/product\/2019300\" target=\"_blank\" rel=\"noopener\">Vair\u0101k inform\u0101cijas<\/a><\/p>\n<p>Datu lapa:<br \/>\n<a href=\"https:\/\/www.theben.de\/product\/2019300\/datasheet\" target=\"_blank\" rel=\"noopener\">Skat\u012bt<\/a><\/p>","protected":false},"excerpt":{"rendered":"<p>KNX Flush-mounted presence detector for ceiling mounting, KNX interface, detection range 30 x 4.5 m switchable to 15 x 4.5<\/p>","protected":false},"featured_media":30863,"template":"","meta":[],"product_brand":[],"product_cat":[823],"product_tag":[],"class_list":{"0":"post-30863","1":"product","2":"type-product","3":"status-publish","4":"has-post-thumbnail","6":"product_cat-presence-and-motion-sensors-building-management-knx","8":"first","9":"outofstock","10":"taxable","11":"shipping-taxable","12":"purchasable","13":"product-type-simple"},"_links":{"self":[{"href":"https:\/\/shop.vallin.lv\/lv\/wp-json\/wp\/v2\/product\/30863","targetHints":{"allow":["GET"]}}],"collection":[{"href":"https:\/\/shop.vallin.lv\/lv\/wp-json\/wp\/v2\/product"}],"about":[{"href":"https:\/\/shop.vallin.lv\/lv\/wp-json\/wp\/v2\/types\/product"}],"version-history":[{"count":4,"href":"https:\/\/shop.vallin.lv\/lv\/wp-json\/wp\/v2\/product\/30863\/revisions"}],"predecessor-version":[{"id":68137,"href":"https:\/\/shop.vallin.lv\/lv\/wp-json\/wp\/v2\/product\/30863\/revisions\/68137"}],"wp:featuredmedia":[{"embeddable":true,"href":"https:\/\/shop.vallin.lv\/lv\/wp-json\/wp\/v2\/product\/30863"}],"wp:attachment":[{"href":"https:\/\/shop.vallin.lv\/lv\/wp-json\/wp\/v2\/media?parent=30863"}],"wp:term":[{"taxonomy":"product_brand","embeddable":true,"href":"https:\/\/shop.vallin.lv\/lv\/wp-json\/wp\/v2\/product_brand?post=30863"},{"taxonomy":"product_cat","embeddable":true,"href":"https:\/\/shop.vallin.lv\/lv\/wp-json\/wp\/v2\/product_cat?post=30863"},{"taxonomy":"product_tag","embeddable":true,"href":"https:\/\/shop.vallin.lv\/lv\/wp-json\/wp\/v2\/product_tag?post=30863"}],"curies":[{"name":"wp","href":"https:\/\/api.w.org\/{rel}","templated":true}]}}