{"id":30861,"date":"2025-12-10T20:14:53","date_gmt":"2025-12-10T18:14:53","guid":{"rendered":"https:\/\/shop.vallin.lv\/product\/presence-sensor-for-ceiling-mounting-dali-2-certified-rectangular-detection-area-360-up-to-30-m-x-5-m-150-m%c2%b2\/"},"modified":"2026-04-24T13:56:08","modified_gmt":"2026-04-24T11:56:08","slug":"presence-sensor-for-ceiling-mounting-dali-2-certified-rectangular-detection-area-360-up-to-30-m-x-5-m-150-m%c2%b2","status":"publish","type":"product","link":"https:\/\/shop.vallin.lv\/lv\/products\/presence-sensor-for-ceiling-mounting-dali-2-certified-rectangular-detection-area-360-up-to-30-m-x-5-m-150-m%c2%b2\/","title":{"rendered":"Kl\u0101tb\u016btnes sensors griestu mont\u0101\u017eai, DALI-2 sertific\u0113ts, taisnst\u016bra uztver\u0161anas laukums 360\u00b0, l\u012bdz 30 m x 5 m (150 m2)"},"content":{"rendered":"<p>Presence sensor for ceiling mounting, DALI-2 certified, rectangular detection range 360\u00b0, up to 30 m x 5 m (150 m\u00b2), 2-way mixed light measurement, 3 instances for presence - Detection area zone 1 + 2 \/ zone 1 \/ zone 2, 3 instances for brightness \u2013 zone 1 + 2 \/ zone 1 \/ zone 2, provides information about \"presence\" and \"brightness\" as a DALI telegram in accordance with IEC 62386 parts 303\/304, easy adjustment of brightness measurement, test mode for checking function and detection range, adjustable detection sensitivity, a multi-master application controller is required for commissioning\/control and configuration, which must support parts 101\/103 and optionally 301\/303\/304 in accordance with IEC 62386<\/p>\n<p><a href=\"https:\/\/www.theben.de\/product\/2010390\/operating-instructions\" target=\"_blank\" rel=\"noopener\">Lejupiel\u0101d\u0113t vair\u0101k inform\u0101cijas<\/a><\/p>\n<p><a href=\"https:\/\/www.theben.de\/product\/2010390\" target=\"_blank\" rel=\"noopener\">Vair\u0101k inform\u0101cijas<\/a><\/p>\n<p>Datu lapa:<br \/>\n<a href=\"https:\/\/www.theben.de\/product\/2010390\/datasheet\" target=\"_blank\" rel=\"noopener\">Skat\u012bt<\/a><\/p>","protected":false},"excerpt":{"rendered":"<p>Presence sensor for ceiling mounting, DALI-2 certified, rectangular detection range 360\u00b0, up to 30 m x 5 m (150 m\u00b2),<\/p>","protected":false},"featured_media":30861,"template":"","meta":[],"product_brand":[],"product_cat":[892],"product_tag":[],"class_list":{"0":"post-30861","1":"product","2":"type-product","3":"status-publish","4":"has-post-thumbnail","6":"product_cat-ceilingmounted-indoor-presence-and-motion-sensors","8":"first","9":"outofstock","10":"taxable","11":"shipping-taxable","12":"purchasable","13":"product-type-simple"},"_links":{"self":[{"href":"https:\/\/shop.vallin.lv\/lv\/wp-json\/wp\/v2\/product\/30861","targetHints":{"allow":["GET"]}}],"collection":[{"href":"https:\/\/shop.vallin.lv\/lv\/wp-json\/wp\/v2\/product"}],"about":[{"href":"https:\/\/shop.vallin.lv\/lv\/wp-json\/wp\/v2\/types\/product"}],"version-history":[{"count":4,"href":"https:\/\/shop.vallin.lv\/lv\/wp-json\/wp\/v2\/product\/30861\/revisions"}],"predecessor-version":[{"id":68136,"href":"https:\/\/shop.vallin.lv\/lv\/wp-json\/wp\/v2\/product\/30861\/revisions\/68136"}],"wp:featuredmedia":[{"embeddable":true,"href":"https:\/\/shop.vallin.lv\/lv\/wp-json\/wp\/v2\/product\/30861"}],"wp:attachment":[{"href":"https:\/\/shop.vallin.lv\/lv\/wp-json\/wp\/v2\/media?parent=30861"}],"wp:term":[{"taxonomy":"product_brand","embeddable":true,"href":"https:\/\/shop.vallin.lv\/lv\/wp-json\/wp\/v2\/product_brand?post=30861"},{"taxonomy":"product_cat","embeddable":true,"href":"https:\/\/shop.vallin.lv\/lv\/wp-json\/wp\/v2\/product_cat?post=30861"},{"taxonomy":"product_tag","embeddable":true,"href":"https:\/\/shop.vallin.lv\/lv\/wp-json\/wp\/v2\/product_tag?post=30861"}],"curies":[{"name":"wp","href":"https:\/\/api.w.org\/{rel}","templated":true}]}}