{"id":30770,"date":"2025-12-10T20:13:43","date_gmt":"2025-12-10T18:13:43","guid":{"rendered":"https:\/\/shop.vallin.lv\/product\/series-mounted-time-switch-24-hours-plug-in-rider-power-reserve-3-te\/"},"modified":"2026-04-16T14:23:39","modified_gmt":"2026-04-16T12:23:39","slug":"series-mounted-time-switch-24-hours-plug-in-rider-power-reserve-3-te","status":"publish","type":"product","link":"https:\/\/shop.vallin.lv\/lv\/products\/series-mounted-time-switch-24-hours-plug-in-rider-power-reserve-3-te\/","title":{"rendered":"S\u0113rijas uzst\u0101d\u012bts laika sl\u0113dzis 24 stundas, plug-in brauc\u0113js, jaudas rezerve, 3 TE"},"content":{"rendered":"<p>Series-mounted time switch with 200-hour power reserve, width 3 TE, 24-hour program, shortest switching time 15 min., clock hand for time display and 12h\/24h recognition, clock time correction possible in and counterclockwise, circuit preselection, manual switch with 3 positions: continuous ON\/AUTO\/continuous OFF, switching status display, DuoFix spring-loaded terminals for 2 conductors each<\/p>\n<p><a href=\"https:\/\/www.theben.de\/product\/1810011\/operating-instructions\" target=\"_blank\" rel=\"noopener\">Lejupiel\u0101d\u0113t vair\u0101k inform\u0101cijas<\/a><\/p>\n<p><a href=\"https:\/\/www.theben.de\/product\/1810011\" target=\"_blank\" rel=\"noopener\">Vair\u0101k inform\u0101cijas<\/a><\/p>\n<p>Datu lapa:<br \/>\n<a href=\"https:\/\/www.theben.de\/product\/1810011\/datasheet\" target=\"_blank\" rel=\"noopener\">Skat\u012bt<\/a><\/p>","protected":false},"excerpt":{"rendered":"<p>Series-mounted time switch with 200-hour power reserve, width 3 TE, 24-hour program, shortest switching time 15 min., clock hand for<\/p>","protected":false},"featured_media":30770,"template":"","meta":[],"product_brand":[],"product_cat":[896],"product_tag":[],"class_list":{"0":"post-30770","1":"product","2":"type-product","3":"status-publish","4":"has-post-thumbnail","6":"product_cat-din-analogue-time-switches","8":"first","9":"instock","10":"taxable","11":"shipping-taxable","12":"purchasable","13":"product-type-simple"},"_links":{"self":[{"href":"https:\/\/shop.vallin.lv\/lv\/wp-json\/wp\/v2\/product\/30770","targetHints":{"allow":["GET"]}}],"collection":[{"href":"https:\/\/shop.vallin.lv\/lv\/wp-json\/wp\/v2\/product"}],"about":[{"href":"https:\/\/shop.vallin.lv\/lv\/wp-json\/wp\/v2\/types\/product"}],"version-history":[{"count":4,"href":"https:\/\/shop.vallin.lv\/lv\/wp-json\/wp\/v2\/product\/30770\/revisions"}],"predecessor-version":[{"id":68113,"href":"https:\/\/shop.vallin.lv\/lv\/wp-json\/wp\/v2\/product\/30770\/revisions\/68113"}],"wp:featuredmedia":[{"embeddable":true,"href":"https:\/\/shop.vallin.lv\/lv\/wp-json\/wp\/v2\/product\/30770"}],"wp:attachment":[{"href":"https:\/\/shop.vallin.lv\/lv\/wp-json\/wp\/v2\/media?parent=30770"}],"wp:term":[{"taxonomy":"product_brand","embeddable":true,"href":"https:\/\/shop.vallin.lv\/lv\/wp-json\/wp\/v2\/product_brand?post=30770"},{"taxonomy":"product_cat","embeddable":true,"href":"https:\/\/shop.vallin.lv\/lv\/wp-json\/wp\/v2\/product_cat?post=30770"},{"taxonomy":"product_tag","embeddable":true,"href":"https:\/\/shop.vallin.lv\/lv\/wp-json\/wp\/v2\/product_tag?post=30770"}],"curies":[{"name":"wp","href":"https:\/\/api.w.org\/{rel}","templated":true}]}}