{"id":30758,"date":"2025-12-10T20:13:36","date_gmt":"2025-12-10T18:13:36","guid":{"rendered":"https:\/\/shop.vallin.lv\/product\/digital-timer-astro-and-weekly-program-2-channels-app-programming-possible-dcf-or-gps\/"},"modified":"2026-04-16T14:20:19","modified_gmt":"2026-04-16T12:20:19","slug":"digital-timer-astro-and-weekly-program-2-channels-app-programming-possible-dcf-or-gps","status":"publish","type":"product","link":"https:\/\/shop.vallin.lv\/lv\/products\/digital-timer-astro-and-weekly-program-2-channels-app-programming-possible-dcf-or-gps\/","title":{"rendered":"Digit\u0101lais taimeris, astro un ned\u0113\u013cas programma, 2 kan\u0101li, iesp\u0113jama lietot\u0146u programm\u0113\u0161ana, DCF vai GPS"},"content":{"rendered":"<p>Digital astro timer for DIN rail, 2 channels, weekly program, astronomical switching function, DCF or GPS radio control with external antenna possible, position data programmable via coordinates or country\/city list, astro pulse, 3 different twilight ranges adjustable, 3 special programs, channel switching and channel locking, width 2 TE, app programming possible, secure transmission via optional Bluetooth Low Energy OBELISK top3, maximum tamper resistance, time switch programs can only be transferred from the app to the clock when the Bluetooth OBELISK top3 is plugged into the clock, 100% compatible with top2, 600 watts LED power, 800 amps\/200 microseconds inrush current, 0.4 watts standby power, DuoFix plug-in terminals, power reserve and programmed summer\/winter time changeover, OBELISK interface for PC programming<\/p>\n<p><a href=\"https:\/\/www.theben.de\/product\/1720330\/operating-instructions\" target=\"_blank\" rel=\"noopener\">Lejupiel\u0101d\u0113t vair\u0101k inform\u0101cijas<\/a><\/p>\n<p><a href=\"https:\/\/www.theben.de\/product\/1720330\" target=\"_blank\" rel=\"noopener\">Vair\u0101k inform\u0101cijas<\/a><\/p>\n<p>Datu lapa:<br \/>\n<a href=\"https:\/\/www.theben.de\/product\/1720330\/datasheet\" target=\"_blank\" rel=\"noopener\">Skat\u012bt<\/a><\/p>","protected":false},"excerpt":{"rendered":"<p>Digital astro timer for DIN rail, 2 channels, weekly program, astronomical switching function, DCF or GPS radio control with external<\/p>","protected":false},"featured_media":30758,"template":"","meta":[],"product_brand":[],"product_cat":[929],"product_tag":[],"class_list":{"0":"post-30758","1":"product","2":"type-product","3":"status-publish","4":"has-post-thumbnail","6":"product_cat-din-digital-timers","8":"first","9":"outofstock","10":"taxable","11":"shipping-taxable","12":"purchasable","13":"product-type-simple"},"_links":{"self":[{"href":"https:\/\/shop.vallin.lv\/lv\/wp-json\/wp\/v2\/product\/30758","targetHints":{"allow":["GET"]}}],"collection":[{"href":"https:\/\/shop.vallin.lv\/lv\/wp-json\/wp\/v2\/product"}],"about":[{"href":"https:\/\/shop.vallin.lv\/lv\/wp-json\/wp\/v2\/types\/product"}],"version-history":[{"count":4,"href":"https:\/\/shop.vallin.lv\/lv\/wp-json\/wp\/v2\/product\/30758\/revisions"}],"predecessor-version":[{"id":68107,"href":"https:\/\/shop.vallin.lv\/lv\/wp-json\/wp\/v2\/product\/30758\/revisions\/68107"}],"wp:featuredmedia":[{"embeddable":true,"href":"https:\/\/shop.vallin.lv\/lv\/wp-json\/wp\/v2\/product\/30758"}],"wp:attachment":[{"href":"https:\/\/shop.vallin.lv\/lv\/wp-json\/wp\/v2\/media?parent=30758"}],"wp:term":[{"taxonomy":"product_brand","embeddable":true,"href":"https:\/\/shop.vallin.lv\/lv\/wp-json\/wp\/v2\/product_brand?post=30758"},{"taxonomy":"product_cat","embeddable":true,"href":"https:\/\/shop.vallin.lv\/lv\/wp-json\/wp\/v2\/product_cat?post=30758"},{"taxonomy":"product_tag","embeddable":true,"href":"https:\/\/shop.vallin.lv\/lv\/wp-json\/wp\/v2\/product_tag?post=30758"}],"curies":[{"name":"wp","href":"https:\/\/api.w.org\/{rel}","templated":true}]}}