{"id":30744,"date":"2025-12-10T20:13:28","date_gmt":"2025-12-10T18:13:28","guid":{"rendered":"https:\/\/shop.vallin.lv\/product\/timer-with-plug-in-base-24-hour-segments-3-te\/"},"modified":"2026-04-16T14:23:22","modified_gmt":"2026-04-16T12:23:22","slug":"timer-with-plug-in-base-24-hour-segments-3-te","status":"publish","type":"product","link":"https:\/\/shop.vallin.lv\/lv\/products\/timer-with-plug-in-base-24-hour-segments-3-te\/","title":{"rendered":"Taimeris ar spraud\u0146a pamatni, 24 stundu segmenti, 3 TE"},"content":{"rendered":"<p>Timer switch with plug-in base, front frame 72x72 mm, clamp, without power reserve, 24-hour program, shortest switching time 15 min.<\/p>\n<p><a href=\"https:\/\/www.theben.de\/product\/1690801\/operating-instructions\" target=\"_blank\" rel=\"noopener\">Lejupiel\u0101d\u0113t vair\u0101k inform\u0101cijas<\/a><\/p>\n<p><a href=\"https:\/\/www.theben.de\/product\/1690801\" target=\"_blank\" rel=\"noopener\">Vair\u0101k inform\u0101cijas<\/a><\/p>\n<p>Datu lapa:<br \/>\n<a href=\"https:\/\/www.theben.de\/product\/1690801\/datasheet\" target=\"_blank\" rel=\"noopener\">Skat\u012bt<\/a><\/p>","protected":false},"excerpt":{"rendered":"<p>Timer switch with plug-in base, front frame 72x72 mm, clamp, without power reserve, 24-hour program, shortest switching time 15 min.<\/p>","protected":false},"featured_media":30744,"template":"","meta":[],"product_brand":[],"product_cat":[896],"product_tag":[],"class_list":{"0":"post-30744","1":"product","2":"type-product","3":"status-publish","4":"has-post-thumbnail","6":"product_cat-din-analogue-time-switches","8":"first","9":"outofstock","10":"taxable","11":"shipping-taxable","12":"purchasable","13":"product-type-simple"},"_links":{"self":[{"href":"https:\/\/shop.vallin.lv\/lv\/wp-json\/wp\/v2\/product\/30744","targetHints":{"allow":["GET"]}}],"collection":[{"href":"https:\/\/shop.vallin.lv\/lv\/wp-json\/wp\/v2\/product"}],"about":[{"href":"https:\/\/shop.vallin.lv\/lv\/wp-json\/wp\/v2\/types\/product"}],"version-history":[{"count":4,"href":"https:\/\/shop.vallin.lv\/lv\/wp-json\/wp\/v2\/product\/30744\/revisions"}],"predecessor-version":[{"id":68100,"href":"https:\/\/shop.vallin.lv\/lv\/wp-json\/wp\/v2\/product\/30744\/revisions\/68100"}],"wp:featuredmedia":[{"embeddable":true,"href":"https:\/\/shop.vallin.lv\/lv\/wp-json\/wp\/v2\/product\/30744"}],"wp:attachment":[{"href":"https:\/\/shop.vallin.lv\/lv\/wp-json\/wp\/v2\/media?parent=30744"}],"wp:term":[{"taxonomy":"product_brand","embeddable":true,"href":"https:\/\/shop.vallin.lv\/lv\/wp-json\/wp\/v2\/product_brand?post=30744"},{"taxonomy":"product_cat","embeddable":true,"href":"https:\/\/shop.vallin.lv\/lv\/wp-json\/wp\/v2\/product_cat?post=30744"},{"taxonomy":"product_tag","embeddable":true,"href":"https:\/\/shop.vallin.lv\/lv\/wp-json\/wp\/v2\/product_tag?post=30744"}],"curies":[{"name":"wp","href":"https:\/\/api.w.org\/{rel}","templated":true}]}}