{"id":30738,"date":"2025-12-10T20:13:25","date_gmt":"2025-12-10T18:13:25","guid":{"rendered":"https:\/\/shop.vallin.lv\/product\/series-mounted-24-hour-time-switch-segments-3-te\/"},"modified":"2026-04-16T14:23:40","modified_gmt":"2026-04-16T12:23:40","slug":"series-mounted-24-hour-time-switch-segments-3-te","status":"publish","type":"product","link":"https:\/\/shop.vallin.lv\/lv\/products\/series-mounted-24-hour-time-switch-segments-3-te\/","title":{"rendered":"S\u0113rijveid\u0101 mont\u0113jams 24 stundu laika sl\u0113dzis, segmentu veida, 3 TE"},"content":{"rendered":"<p>Series-mounted time switch without power reserve, width 52.5 mm, 24-hour program, shortest switching time 15 min., clock hand for time display and 12h\/24h recognition, clock time correction possible clockwise and counterclockwise, circuit preselection, manual switch with 3 positions: continuous ON\/AUTO\/continuous OFF, switching status display, DuoFix spring-loaded terminals for 2 conductors each<\/p>\n<p><a href=\"https:\/\/www.theben.de\/product\/1610011\/operating-instructions\" target=\"_blank\" rel=\"noopener\">Lejupiel\u0101d\u0113t vair\u0101k inform\u0101cijas<\/a><\/p>\n<p><a href=\"https:\/\/www.theben.de\/product\/1610011\" target=\"_blank\" rel=\"noopener\">Vair\u0101k inform\u0101cijas<\/a><\/p>\n<p>Datu lapa:<br \/>\n<a href=\"https:\/\/www.theben.de\/product\/1610011\/datasheet\" target=\"_blank\" rel=\"noopener\">Skat\u012bt<\/a><\/p>","protected":false},"excerpt":{"rendered":"<p>Series-mounted time switch without power reserve, width 52.5 mm, 24-hour program, shortest switching time 15 min., clock hand for time<\/p>","protected":false},"featured_media":30738,"template":"","meta":[],"product_brand":[],"product_cat":[896],"product_tag":[],"class_list":{"0":"post-30738","1":"product","2":"type-product","3":"status-publish","4":"has-post-thumbnail","6":"product_cat-din-analogue-time-switches","8":"first","9":"instock","10":"taxable","11":"shipping-taxable","12":"purchasable","13":"product-type-simple"},"_links":{"self":[{"href":"https:\/\/shop.vallin.lv\/lv\/wp-json\/wp\/v2\/product\/30738","targetHints":{"allow":["GET"]}}],"collection":[{"href":"https:\/\/shop.vallin.lv\/lv\/wp-json\/wp\/v2\/product"}],"about":[{"href":"https:\/\/shop.vallin.lv\/lv\/wp-json\/wp\/v2\/types\/product"}],"version-history":[{"count":4,"href":"https:\/\/shop.vallin.lv\/lv\/wp-json\/wp\/v2\/product\/30738\/revisions"}],"predecessor-version":[{"id":68097,"href":"https:\/\/shop.vallin.lv\/lv\/wp-json\/wp\/v2\/product\/30738\/revisions\/68097"}],"wp:featuredmedia":[{"embeddable":true,"href":"https:\/\/shop.vallin.lv\/lv\/wp-json\/wp\/v2\/product\/30738"}],"wp:attachment":[{"href":"https:\/\/shop.vallin.lv\/lv\/wp-json\/wp\/v2\/media?parent=30738"}],"wp:term":[{"taxonomy":"product_brand","embeddable":true,"href":"https:\/\/shop.vallin.lv\/lv\/wp-json\/wp\/v2\/product_brand?post=30738"},{"taxonomy":"product_cat","embeddable":true,"href":"https:\/\/shop.vallin.lv\/lv\/wp-json\/wp\/v2\/product_cat?post=30738"},{"taxonomy":"product_tag","embeddable":true,"href":"https:\/\/shop.vallin.lv\/lv\/wp-json\/wp\/v2\/product_tag?post=30738"}],"curies":[{"name":"wp","href":"https:\/\/api.w.org\/{rel}","templated":true}]}}