{"id":30613,"date":"2025-12-10T20:11:55","date_gmt":"2025-12-10T18:11:55","guid":{"rendered":"https:\/\/shop.vallin.lv\/product\/twilight-switch-for-din-rail-flush-mounted-light-sensor\/"},"modified":"2026-04-16T14:22:06","modified_gmt":"2026-04-16T12:22:06","slug":"twilight-switch-for-din-rail-flush-mounted-light-sensor","status":"publish","type":"product","link":"https:\/\/shop.vallin.lv\/lv\/products\/twilight-switch-for-din-rail-flush-mounted-light-sensor\/","title":{"rendered":"Kr\u0113slas sl\u0113dzis DIN sliedei, zemapmetuma gaismas sensors"},"content":{"rendered":"<p>Twilight switch for DIN rail, 1 TE, separate built-in light sensor, switching delay, threshold value, and output LED display<\/p>\n<p><a href=\"https:\/\/www.theben.de\/product\/1080900\/operating-instructions\" target=\"_blank\" rel=\"noopener\">Lejupiel\u0101d\u0113t vair\u0101k inform\u0101cijas<\/a><\/p>\n<p><a href=\"https:\/\/www.theben.de\/product\/1080900\" target=\"_blank\" rel=\"noopener\">Vair\u0101k inform\u0101cijas<\/a><\/p>\n<p>Datu lapa:<br \/>\n<a href=\"https:\/\/www.theben.de\/product\/1080900\/datasheet\" target=\"_blank\" rel=\"noopener\">Skat\u012bt<\/a><\/p>","protected":false},"excerpt":{"rendered":"<p>Twilight switch for DIN rail, 1 TE, separate built-in light sensor, switching delay, threshold value, and output LED display Download<\/p>","protected":false},"featured_media":30613,"template":"","meta":[],"product_brand":[],"product_cat":[903],"product_tag":[],"class_list":{"0":"post-30613","1":"product","2":"type-product","3":"status-publish","4":"has-post-thumbnail","6":"product_cat-din-twilight-switches","8":"first","9":"instock","10":"taxable","11":"shipping-taxable","12":"purchasable","13":"product-type-simple"},"_links":{"self":[{"href":"https:\/\/shop.vallin.lv\/lv\/wp-json\/wp\/v2\/product\/30613","targetHints":{"allow":["GET"]}}],"collection":[{"href":"https:\/\/shop.vallin.lv\/lv\/wp-json\/wp\/v2\/product"}],"about":[{"href":"https:\/\/shop.vallin.lv\/lv\/wp-json\/wp\/v2\/types\/product"}],"version-history":[{"count":4,"href":"https:\/\/shop.vallin.lv\/lv\/wp-json\/wp\/v2\/product\/30613\/revisions"}],"predecessor-version":[{"id":68061,"href":"https:\/\/shop.vallin.lv\/lv\/wp-json\/wp\/v2\/product\/30613\/revisions\/68061"}],"wp:featuredmedia":[{"embeddable":true,"href":"https:\/\/shop.vallin.lv\/lv\/wp-json\/wp\/v2\/product\/30613"}],"wp:attachment":[{"href":"https:\/\/shop.vallin.lv\/lv\/wp-json\/wp\/v2\/media?parent=30613"}],"wp:term":[{"taxonomy":"product_brand","embeddable":true,"href":"https:\/\/shop.vallin.lv\/lv\/wp-json\/wp\/v2\/product_brand?post=30613"},{"taxonomy":"product_cat","embeddable":true,"href":"https:\/\/shop.vallin.lv\/lv\/wp-json\/wp\/v2\/product_cat?post=30613"},{"taxonomy":"product_tag","embeddable":true,"href":"https:\/\/shop.vallin.lv\/lv\/wp-json\/wp\/v2\/product_tag?post=30613"}],"curies":[{"name":"wp","href":"https:\/\/api.w.org\/{rel}","templated":true}]}}