{"id":30559,"date":"2025-12-10T20:11:30","date_gmt":"2025-12-10T18:11:30","guid":{"rendered":"https:\/\/shop.vallin.lv\/product\/motion-detector-for-surface-mounted-ceiling-installation-round-detection-range-transverse-8-m-seated-3-m-1-channel-light\/"},"modified":"2026-04-16T14:22:11","modified_gmt":"2026-04-16T12:22:11","slug":"motion-detector-for-surface-mounted-ceiling-installation-round-detection-range-transverse-8-m-seated-3-m-1-channel-light","status":"publish","type":"product","link":"https:\/\/shop.vallin.lv\/lv\/products\/motion-detector-for-surface-mounted-ceiling-installation-round-detection-range-transverse-8-m-seated-3-m-1-channel-light\/","title":{"rendered":"Kust\u012bbas detektors griestu uzst\u0101d\u012b\u0161anai uz virsmas, apa\u013c\u0161 uztver\u0161anas diapazons, \u0161\u0137\u0113rsvirziena 8 m, s\u0113do\u0161s 3 m, 1 kan\u0101la gaisma"},"content":{"rendered":"<p>Motion detector (PIR) for surface-mounted ceiling installation indoors, round detection range 360\u00b0, transverse 8 m, seated 3 m at 2.5 m installation height, 1 channel light (relay 230 V), Automatic motion and brightness-dependent control for lighting, mixed light measurement, fully automatic operation, brightness switching value adjustable via potentiometer, follow-up time adjustable via potentiometer, ready for immediate use thanks to factory presetting (brightness switching value 100 lux, follow-up time 2 min.)<\/p>\n<p><a href=\"https:\/\/www.theben.de\/product\/1030203\/operating-instructions\" target=\"_blank\" rel=\"noopener\">Lejupiel\u0101d\u0113t vair\u0101k inform\u0101cijas<\/a><\/p>\n<p><a href=\"https:\/\/www.theben.de\/product\/1030203\" target=\"_blank\" rel=\"noopener\">Vair\u0101k inform\u0101cijas<\/a><\/p>\n<p>Datu lapa:<br \/>\n<a href=\"https:\/\/www.theben.de\/product\/1030203\/datasheet\" target=\"_blank\" rel=\"noopener\">Skat\u012bt<\/a><\/p>","protected":false},"excerpt":{"rendered":"<p>Motion detector (PIR) for surface-mounted ceiling installation indoors, round detection range 360\u00b0, transverse 8 m, seated 3 m at 2.5<\/p>","protected":false},"featured_media":30559,"template":"","meta":[],"product_brand":[],"product_cat":[892],"product_tag":[],"class_list":{"0":"post-30559","1":"product","2":"type-product","3":"status-publish","4":"has-post-thumbnail","6":"product_cat-ceilingmounted-indoor-presence-and-motion-sensors","8":"first","9":"instock","10":"taxable","11":"shipping-taxable","12":"purchasable","13":"product-type-simple"},"_links":{"self":[{"href":"https:\/\/shop.vallin.lv\/lv\/wp-json\/wp\/v2\/product\/30559","targetHints":{"allow":["GET"]}}],"collection":[{"href":"https:\/\/shop.vallin.lv\/lv\/wp-json\/wp\/v2\/product"}],"about":[{"href":"https:\/\/shop.vallin.lv\/lv\/wp-json\/wp\/v2\/types\/product"}],"version-history":[{"count":4,"href":"https:\/\/shop.vallin.lv\/lv\/wp-json\/wp\/v2\/product\/30559\/revisions"}],"predecessor-version":[{"id":68038,"href":"https:\/\/shop.vallin.lv\/lv\/wp-json\/wp\/v2\/product\/30559\/revisions\/68038"}],"wp:featuredmedia":[{"embeddable":true,"href":"https:\/\/shop.vallin.lv\/lv\/wp-json\/wp\/v2\/product\/30559"}],"wp:attachment":[{"href":"https:\/\/shop.vallin.lv\/lv\/wp-json\/wp\/v2\/media?parent=30559"}],"wp:term":[{"taxonomy":"product_brand","embeddable":true,"href":"https:\/\/shop.vallin.lv\/lv\/wp-json\/wp\/v2\/product_brand?post=30559"},{"taxonomy":"product_cat","embeddable":true,"href":"https:\/\/shop.vallin.lv\/lv\/wp-json\/wp\/v2\/product_cat?post=30559"},{"taxonomy":"product_tag","embeddable":true,"href":"https:\/\/shop.vallin.lv\/lv\/wp-json\/wp\/v2\/product_tag?post=30559"}],"curies":[{"name":"wp","href":"https:\/\/api.w.org\/{rel}","templated":true}]}}