{"id":30553,"date":"2025-12-10T20:11:26","date_gmt":"2025-12-10T18:11:26","guid":{"rendered":"https:\/\/shop.vallin.lv\/product\/motion-detector-de-ceiling-mounting-circular-detection-area-transverse-8-m-seated-3-m-1-channel-light\/"},"modified":"2026-04-16T14:22:10","modified_gmt":"2026-04-16T12:22:10","slug":"motion-detector-de-ceiling-mounting-circular-detection-area-transverse-8-m-seated-3-m-1-channel-light","status":"publish","type":"product","link":"https:\/\/shop.vallin.lv\/lv\/products\/motion-detector-de-ceiling-mounting-circular-detection-area-transverse-8-m-seated-3-m-1-channel-light\/","title":{"rendered":"Kust\u012bbas detektora DE griestu mont\u0101\u017ea, ap\u013cveida detekt\u0113\u0161anas laukums, \u0161\u0137\u0113rseniski 8 m, s\u0113do\u0161s 3 m, 1 kan\u0101la apgaismojums"},"content":{"rendered":"<p>Motion detector (PIR) for indoor DE ceiling mounting, round detection range 360\u00b0, transverse 8 m, seated 3 m at 2.5 m mounting height, 1 channel light (230 V relay), Automatic motion and brightness-dependent control for lighting, mixed light measurement, fully automatic operation, brightness switching value adjustable via potentiometer, follow-up time adjustable via potentiometer, ready for immediate use thanks to factory presetting (brightness switching value 100 lux, follow-up time 2 min.)<\/p>\n<p><a href=\"https:\/\/www.theben.de\/product\/1030200\/operating-instructions\" target=\"_blank\" rel=\"noopener\">Lejupiel\u0101d\u0113t vair\u0101k inform\u0101cijas<\/a><\/p>\n<p><a href=\"https:\/\/www.theben.de\/product\/1030200\" target=\"_blank\" rel=\"noopener\">Vair\u0101k inform\u0101cijas<\/a><\/p>\n<p>Datu lapa:<br \/>\n<a href=\"https:\/\/www.theben.de\/product\/1030200\/datasheet\" target=\"_blank\" rel=\"noopener\">Skat\u012bt<\/a><\/p>","protected":false},"excerpt":{"rendered":"<p>Motion detector (PIR) for indoor DE ceiling mounting, round detection range 360\u00b0, transverse 8 m, seated 3 m at 2.5<\/p>","protected":false},"featured_media":30553,"template":"","meta":[],"product_brand":[],"product_cat":[892],"product_tag":[],"class_list":{"0":"post-30553","1":"product","2":"type-product","3":"status-publish","4":"has-post-thumbnail","6":"product_cat-ceilingmounted-indoor-presence-and-motion-sensors","8":"first","9":"instock","10":"taxable","11":"shipping-taxable","12":"purchasable","13":"product-type-simple"},"_links":{"self":[{"href":"https:\/\/shop.vallin.lv\/lv\/wp-json\/wp\/v2\/product\/30553","targetHints":{"allow":["GET"]}}],"collection":[{"href":"https:\/\/shop.vallin.lv\/lv\/wp-json\/wp\/v2\/product"}],"about":[{"href":"https:\/\/shop.vallin.lv\/lv\/wp-json\/wp\/v2\/types\/product"}],"version-history":[{"count":4,"href":"https:\/\/shop.vallin.lv\/lv\/wp-json\/wp\/v2\/product\/30553\/revisions"}],"predecessor-version":[{"id":68035,"href":"https:\/\/shop.vallin.lv\/lv\/wp-json\/wp\/v2\/product\/30553\/revisions\/68035"}],"wp:featuredmedia":[{"embeddable":true,"href":"https:\/\/shop.vallin.lv\/lv\/wp-json\/wp\/v2\/product\/30553"}],"wp:attachment":[{"href":"https:\/\/shop.vallin.lv\/lv\/wp-json\/wp\/v2\/media?parent=30553"}],"wp:term":[{"taxonomy":"product_brand","embeddable":true,"href":"https:\/\/shop.vallin.lv\/lv\/wp-json\/wp\/v2\/product_brand?post=30553"},{"taxonomy":"product_cat","embeddable":true,"href":"https:\/\/shop.vallin.lv\/lv\/wp-json\/wp\/v2\/product_cat?post=30553"},{"taxonomy":"product_tag","embeddable":true,"href":"https:\/\/shop.vallin.lv\/lv\/wp-json\/wp\/v2\/product_tag?post=30553"}],"curies":[{"name":"wp","href":"https:\/\/api.w.org\/{rel}","templated":true}]}}