{"id":30486,"date":"2025-12-10T20:10:26","date_gmt":"2025-12-10T18:10:26","guid":{"rendered":"https:\/\/shop.vallin.lv\/product\/led-spotlight-with-motion-detector-for-wall-mounting-20-watts-white\/"},"modified":"2026-04-16T14:22:29","modified_gmt":"2026-04-16T12:22:29","slug":"led-spotlight-with-motion-detector-for-wall-mounting-20-watts-white","status":"publish","type":"product","link":"https:\/\/shop.vallin.lv\/lv\/products\/led-spotlight-with-motion-detector-for-wall-mounting-20-watts-white\/","title":{"rendered":"LED pro\u017eektors ar kust\u012bbas detektoru sienas mont\u0101\u017eai, 20 vati, balts"},"content":{"rendered":"<p>LED spotlight with 2x10 W (equivalent to approx. 2x140 W halogen spotlight) with motion detector for wall mounting, detection range 10 m with 180\u00b0, additional anti-creep protection, 4000 K, automatic switching depending on brightness and movement, orientation light with adjustable dimming level, manual control (short-term and long-term function) possible, integrated heat sink in housing color, direct LED for maximum light output, high-tech matrix LED module, area limitation by sticker<\/p>\n<p><a href=\"https:\/\/www.theben.de\/product\/1020923\/operating-instructions\" target=\"_blank\" rel=\"noopener\">Lejupiel\u0101d\u0113t vair\u0101k inform\u0101cijas<\/a><\/p>\n<p><a href=\"https:\/\/www.theben.de\/product\/1020923\" target=\"_blank\" rel=\"noopener\">Vair\u0101k inform\u0101cijas<\/a><\/p>\n<p>Datu lapa:<br \/>\n<a href=\"https:\/\/www.theben.de\/product\/1020923\/datasheet\" target=\"_blank\" rel=\"noopener\">Skat\u012bt<\/a><\/p>","protected":false},"excerpt":{"rendered":"<p>LED spotlight with 2&#215;10 W (equivalent to approx. 2&#215;140 W halogen spotlight) with motion detector for wall mounting, detection range<\/p>","protected":false},"featured_media":30486,"template":"","meta":[],"product_brand":[],"product_cat":[877],"product_tag":[],"class_list":{"0":"post-30486","1":"product","2":"type-product","3":"status-publish","4":"has-post-thumbnail","6":"product_cat-leda-s","8":"first","9":"instock","10":"taxable","11":"shipping-taxable","12":"product-type-simple"},"_links":{"self":[{"href":"https:\/\/shop.vallin.lv\/lv\/wp-json\/wp\/v2\/product\/30486","targetHints":{"allow":["GET"]}}],"collection":[{"href":"https:\/\/shop.vallin.lv\/lv\/wp-json\/wp\/v2\/product"}],"about":[{"href":"https:\/\/shop.vallin.lv\/lv\/wp-json\/wp\/v2\/types\/product"}],"version-history":[{"count":4,"href":"https:\/\/shop.vallin.lv\/lv\/wp-json\/wp\/v2\/product\/30486\/revisions"}],"predecessor-version":[{"id":68017,"href":"https:\/\/shop.vallin.lv\/lv\/wp-json\/wp\/v2\/product\/30486\/revisions\/68017"}],"wp:featuredmedia":[{"embeddable":true,"href":"https:\/\/shop.vallin.lv\/lv\/wp-json\/wp\/v2\/product\/30486"}],"wp:attachment":[{"href":"https:\/\/shop.vallin.lv\/lv\/wp-json\/wp\/v2\/media?parent=30486"}],"wp:term":[{"taxonomy":"product_brand","embeddable":true,"href":"https:\/\/shop.vallin.lv\/lv\/wp-json\/wp\/v2\/product_brand?post=30486"},{"taxonomy":"product_cat","embeddable":true,"href":"https:\/\/shop.vallin.lv\/lv\/wp-json\/wp\/v2\/product_cat?post=30486"},{"taxonomy":"product_tag","embeddable":true,"href":"https:\/\/shop.vallin.lv\/lv\/wp-json\/wp\/v2\/product_tag?post=30486"}],"curies":[{"name":"wp","href":"https:\/\/api.w.org\/{rel}","templated":true}]}}