{"id":30452,"date":"2025-12-10T20:10:08","date_gmt":"2025-12-10T18:10:08","guid":{"rendered":"https:\/\/shop.vallin.lv\/product\/led-spotlight-for-wall-mounting-10-watts-white\/"},"modified":"2026-03-12T15:33:45","modified_gmt":"2026-03-12T13:33:45","slug":"led-spotlight-for-wall-mounting-10-watts-white","status":"publish","type":"product","link":"https:\/\/shop.vallin.lv\/lv\/products\/led-spotlight-for-wall-mounting-10-watts-white\/","title":{"rendered":"LED pro\u017eektors sienas mont\u0101\u017eai, 10 vati, balts"},"content":{"rendered":"<p>LED spotlight 10 W (equivalent to approx. 140 W halogen spotlight) for wall mounting, 4000 K, integrated heat sink in housing color, direct LED for maximum light output, high-tech matrix LED module, wall lighting possible through 180\u00b0 rotation<\/p>\n<p><a href=\"https:\/\/www.theben.de\/product\/1020721\/operating-instructions\" target=\"_blank\" rel=\"noopener\">Lejupiel\u0101d\u0113t vair\u0101k inform\u0101cijas<\/a><\/p>\n<p><a href=\"https:\/\/www.theben.de\/product\/1020721\" target=\"_blank\" rel=\"noopener\">Vair\u0101k inform\u0101cijas<\/a><\/p>\n<p>Datu lapa:<br \/>\n<a href=\"https:\/\/www.theben.de\/product\/1020721\/datasheet\" target=\"_blank\" rel=\"noopener\">Skat\u012bt<\/a><\/p>","protected":false},"excerpt":{"rendered":"<p>LED spotlight 10 W (equivalent to approx. 140 W halogen spotlight) for wall mounting, 4000 K, integrated heat sink in<\/p>","protected":false},"featured_media":30452,"template":"","meta":[],"product_brand":[],"product_cat":[877],"product_tag":[],"class_list":{"0":"post-30452","1":"product","2":"type-product","3":"status-publish","4":"has-post-thumbnail","6":"product_cat-leda-s","8":"first","9":"outofstock","10":"taxable","11":"shipping-taxable","12":"product-type-simple"},"_links":{"self":[{"href":"https:\/\/shop.vallin.lv\/lv\/wp-json\/wp\/v2\/product\/30452","targetHints":{"allow":["GET"]}}],"collection":[{"href":"https:\/\/shop.vallin.lv\/lv\/wp-json\/wp\/v2\/product"}],"about":[{"href":"https:\/\/shop.vallin.lv\/lv\/wp-json\/wp\/v2\/types\/product"}],"version-history":[{"count":4,"href":"https:\/\/shop.vallin.lv\/lv\/wp-json\/wp\/v2\/product\/30452\/revisions"}],"predecessor-version":[{"id":68000,"href":"https:\/\/shop.vallin.lv\/lv\/wp-json\/wp\/v2\/product\/30452\/revisions\/68000"}],"wp:featuredmedia":[{"embeddable":true,"href":"https:\/\/shop.vallin.lv\/lv\/wp-json\/wp\/v2\/product\/30452"}],"wp:attachment":[{"href":"https:\/\/shop.vallin.lv\/lv\/wp-json\/wp\/v2\/media?parent=30452"}],"wp:term":[{"taxonomy":"product_brand","embeddable":true,"href":"https:\/\/shop.vallin.lv\/lv\/wp-json\/wp\/v2\/product_brand?post=30452"},{"taxonomy":"product_cat","embeddable":true,"href":"https:\/\/shop.vallin.lv\/lv\/wp-json\/wp\/v2\/product_cat?post=30452"},{"taxonomy":"product_tag","embeddable":true,"href":"https:\/\/shop.vallin.lv\/lv\/wp-json\/wp\/v2\/product_tag?post=30452"}],"curies":[{"name":"wp","href":"https:\/\/api.w.org\/{rel}","templated":true}]}}