{"id":30450,"date":"2025-12-10T20:10:07","date_gmt":"2025-12-10T18:10:07","guid":{"rendered":"https:\/\/shop.vallin.lv\/product\/led-bollard-light-long-for-floor-mounting-8-5-watts-aluminum\/"},"modified":"2026-04-16T14:23:28","modified_gmt":"2026-04-16T12:23:28","slug":"led-bollard-light-long-for-floor-mounting-8-5-watts-aluminum","status":"publish","type":"product","link":"https:\/\/shop.vallin.lv\/lv\/products\/led-bollard-light-long-for-floor-mounting-8-5-watts-aluminum\/","title":{"rendered":"LED bollard gaismeklis (gar\u0161) gr\u012bdas mont\u0101\u017eai, 8.5 vati, alum\u012bnijs"},"content":{"rendered":"<p>Design-oriented LED bollard light, long, with 8.5 W, front light emission (spot), high-quality housing made of anodized extruded aluminum profile, high protection class IP 55 for outdoor installation, network connectivity via radio, adjustment only possible via theSenda B with theSenda Plug, extremely efficient thanks to high light output, long-life LEDs: 50,000 hours service life<\/p>\n<p><a href=\"https:\/\/www.theben.de\/product\/1020706\/operating-instructions\" target=\"_blank\" rel=\"noopener\">Lejupiel\u0101d\u0113t vair\u0101k inform\u0101cijas<\/a><\/p>\n<p><a href=\"https:\/\/www.theben.de\/product\/1020706\" target=\"_blank\" rel=\"noopener\">Vair\u0101k inform\u0101cijas<\/a><\/p>\n<p>Datu lapa:<br \/>\n<a href=\"https:\/\/www.theben.de\/product\/1020706\/datasheet\" target=\"_blank\" rel=\"noopener\">Skat\u012bt<\/a><\/p>","protected":false},"excerpt":{"rendered":"<p>Design-oriented LED bollard light, long, with 8.5 W, front light emission (spot), high-quality housing made of anodized extruded aluminum profile,<\/p>","protected":false},"featured_media":30450,"template":"","meta":[],"product_brand":[],"product_cat":[878],"product_tag":[],"class_list":{"0":"post-30450","1":"product","2":"type-product","3":"status-publish","4":"has-post-thumbnail","6":"product_cat-leda-d","8":"first","9":"outofstock","10":"taxable","11":"shipping-taxable","12":"purchasable","13":"product-type-simple"},"_links":{"self":[{"href":"https:\/\/shop.vallin.lv\/lv\/wp-json\/wp\/v2\/product\/30450","targetHints":{"allow":["GET"]}}],"collection":[{"href":"https:\/\/shop.vallin.lv\/lv\/wp-json\/wp\/v2\/product"}],"about":[{"href":"https:\/\/shop.vallin.lv\/lv\/wp-json\/wp\/v2\/types\/product"}],"version-history":[{"count":4,"href":"https:\/\/shop.vallin.lv\/lv\/wp-json\/wp\/v2\/product\/30450\/revisions"}],"predecessor-version":[{"id":67999,"href":"https:\/\/shop.vallin.lv\/lv\/wp-json\/wp\/v2\/product\/30450\/revisions\/67999"}],"wp:featuredmedia":[{"embeddable":true,"href":"https:\/\/shop.vallin.lv\/lv\/wp-json\/wp\/v2\/product\/30450"}],"wp:attachment":[{"href":"https:\/\/shop.vallin.lv\/lv\/wp-json\/wp\/v2\/media?parent=30450"}],"wp:term":[{"taxonomy":"product_brand","embeddable":true,"href":"https:\/\/shop.vallin.lv\/lv\/wp-json\/wp\/v2\/product_brand?post=30450"},{"taxonomy":"product_cat","embeddable":true,"href":"https:\/\/shop.vallin.lv\/lv\/wp-json\/wp\/v2\/product_cat?post=30450"},{"taxonomy":"product_tag","embeddable":true,"href":"https:\/\/shop.vallin.lv\/lv\/wp-json\/wp\/v2\/product_tag?post=30450"}],"curies":[{"name":"wp","href":"https:\/\/api.w.org\/{rel}","templated":true}]}}