{"id":30398,"date":"2025-12-10T20:09:11","date_gmt":"2025-12-10T18:09:11","guid":{"rendered":"https:\/\/shop.vallin.lv\/product\/led-spotlight-for-wall-mounting-50-watts-white\/"},"modified":"2026-04-16T14:22:28","modified_gmt":"2026-04-16T12:22:28","slug":"led-spotlight-for-wall-mounting-50-watts-white","status":"publish","type":"product","link":"https:\/\/shop.vallin.lv\/lv\/products\/led-spotlight-for-wall-mounting-50-watts-white\/","title":{"rendered":"LED pro\u017eektors sienas mont\u0101\u017eai, 50 vati, balts"},"content":{"rendered":"<p>LED spotlight 50 W, white, suitable for outdoor use, flexibly expandable with optional module with motion detector incl. switch output or light sensor incl. switch output, spotlight rotatable through 360<\/p>\n<p><a href=\"https:\/\/www.theben.de\/product\/1020687\/operating-instructions\" target=\"_blank\" rel=\"noopener\">Lejupiel\u0101d\u0113t vair\u0101k inform\u0101cijas<\/a><\/p>\n<p><a href=\"https:\/\/www.theben.de\/product\/1020687\" target=\"_blank\" rel=\"noopener\">Vair\u0101k inform\u0101cijas<\/a><\/p>\n<p>Datu lapa:<br \/>\n<a href=\"https:\/\/www.theben.de\/product\/1020687\/datasheet\" target=\"_blank\" rel=\"noopener\">Skat\u012bt<\/a><\/p>","protected":false},"excerpt":{"rendered":"<p>LED spotlight 50 W, white, suitable for outdoor use, flexibly expandable with optional module with motion detector incl. switch output<\/p>","protected":false},"featured_media":30398,"template":"","meta":[],"product_brand":[],"product_cat":[879],"product_tag":[],"class_list":{"0":"post-30398","1":"product","2":"type-product","3":"status-publish","4":"has-post-thumbnail","6":"product_cat-leda-b","8":"first","9":"instock","10":"taxable","11":"shipping-taxable","12":"product-type-simple"},"_links":{"self":[{"href":"https:\/\/shop.vallin.lv\/lv\/wp-json\/wp\/v2\/product\/30398","targetHints":{"allow":["GET"]}}],"collection":[{"href":"https:\/\/shop.vallin.lv\/lv\/wp-json\/wp\/v2\/product"}],"about":[{"href":"https:\/\/shop.vallin.lv\/lv\/wp-json\/wp\/v2\/types\/product"}],"version-history":[{"count":4,"href":"https:\/\/shop.vallin.lv\/lv\/wp-json\/wp\/v2\/product\/30398\/revisions"}],"predecessor-version":[{"id":67990,"href":"https:\/\/shop.vallin.lv\/lv\/wp-json\/wp\/v2\/product\/30398\/revisions\/67990"}],"wp:featuredmedia":[{"embeddable":true,"href":"https:\/\/shop.vallin.lv\/lv\/wp-json\/wp\/v2\/product\/30398"}],"wp:attachment":[{"href":"https:\/\/shop.vallin.lv\/lv\/wp-json\/wp\/v2\/media?parent=30398"}],"wp:term":[{"taxonomy":"product_brand","embeddable":true,"href":"https:\/\/shop.vallin.lv\/lv\/wp-json\/wp\/v2\/product_brand?post=30398"},{"taxonomy":"product_cat","embeddable":true,"href":"https:\/\/shop.vallin.lv\/lv\/wp-json\/wp\/v2\/product_cat?post=30398"},{"taxonomy":"product_tag","embeddable":true,"href":"https:\/\/shop.vallin.lv\/lv\/wp-json\/wp\/v2\/product_tag?post=30398"}],"curies":[{"name":"wp","href":"https:\/\/api.w.org\/{rel}","templated":true}]}}