{"id":30386,"date":"2025-12-10T20:09:08","date_gmt":"2025-12-10T18:09:08","guid":{"rendered":"https:\/\/shop.vallin.lv\/product\/led-spotlight-for-wall-mounting-20-watts-black\/"},"modified":"2026-04-16T14:22:27","modified_gmt":"2026-04-16T12:22:27","slug":"led-spotlight-for-wall-mounting-20-watts-black","status":"publish","type":"product","link":"https:\/\/shop.vallin.lv\/lv\/products\/led-spotlight-for-wall-mounting-20-watts-black\/","title":{"rendered":"LED pro\u017eektors sienas mont\u0101\u017eai, 20 vati, melns"},"content":{"rendered":"<p>LED spotlight 20 W, black, suitable for outdoor use, flexibly expandable with optional module with motion detector incl. switch output or light sensor incl. switch output, spotlight rotatable through 360\u00b0<\/p>\n<p><a href=\"https:\/\/www.theben.de\/product\/1020684\/operating-instructions\" target=\"_blank\" rel=\"noopener\">Lejupiel\u0101d\u0113t vair\u0101k inform\u0101cijas<\/a><\/p>\n<p><a href=\"https:\/\/www.theben.de\/product\/1020684\" target=\"_blank\" rel=\"noopener\">Vair\u0101k inform\u0101cijas<\/a><\/p>\n<p>Datu lapa:<br \/>\n<a href=\"https:\/\/www.theben.de\/product\/1020684\/datasheet\" target=\"_blank\" rel=\"noopener\">Skat\u012bt<\/a><\/p>","protected":false},"excerpt":{"rendered":"<p>LED spotlight 20 W, black, suitable for outdoor use, flexibly expandable with optional module with motion detector incl. switch output<\/p>","protected":false},"featured_media":30386,"template":"","meta":[],"product_brand":[],"product_cat":[879],"product_tag":[],"class_list":{"0":"post-30386","1":"product","2":"type-product","3":"status-publish","4":"has-post-thumbnail","6":"product_cat-leda-b","8":"first","9":"instock","10":"taxable","11":"shipping-taxable","12":"product-type-simple"},"_links":{"self":[{"href":"https:\/\/shop.vallin.lv\/lv\/wp-json\/wp\/v2\/product\/30386","targetHints":{"allow":["GET"]}}],"collection":[{"href":"https:\/\/shop.vallin.lv\/lv\/wp-json\/wp\/v2\/product"}],"about":[{"href":"https:\/\/shop.vallin.lv\/lv\/wp-json\/wp\/v2\/types\/product"}],"version-history":[{"count":5,"href":"https:\/\/shop.vallin.lv\/lv\/wp-json\/wp\/v2\/product\/30386\/revisions"}],"predecessor-version":[{"id":71381,"href":"https:\/\/shop.vallin.lv\/lv\/wp-json\/wp\/v2\/product\/30386\/revisions\/71381"}],"wp:featuredmedia":[{"embeddable":true,"href":"https:\/\/shop.vallin.lv\/lv\/wp-json\/wp\/v2\/product\/30386"}],"wp:attachment":[{"href":"https:\/\/shop.vallin.lv\/lv\/wp-json\/wp\/v2\/media?parent=30386"}],"wp:term":[{"taxonomy":"product_brand","embeddable":true,"href":"https:\/\/shop.vallin.lv\/lv\/wp-json\/wp\/v2\/product_brand?post=30386"},{"taxonomy":"product_cat","embeddable":true,"href":"https:\/\/shop.vallin.lv\/lv\/wp-json\/wp\/v2\/product_cat?post=30386"},{"taxonomy":"product_tag","embeddable":true,"href":"https:\/\/shop.vallin.lv\/lv\/wp-json\/wp\/v2\/product_tag?post=30386"}],"curies":[{"name":"wp","href":"https:\/\/api.w.org\/{rel}","templated":true}]}}