{"id":30379,"date":"2025-12-10T20:09:06","date_gmt":"2025-12-10T18:09:06","guid":{"rendered":"https:\/\/shop.vallin.lv\/product\/led-spotlight-black-4000-k-2x900-lm\/"},"modified":"2026-04-16T14:22:32","modified_gmt":"2026-04-16T12:22:32","slug":"led-spotlight-black-4000-k-2x900-lm","status":"publish","type":"product","link":"https:\/\/shop.vallin.lv\/lv\/products\/led-spotlight-black-4000-k-2x900-lm\/","title":{"rendered":"LED pro\u017eektors, melns, 4000 K, 2x900 lm"},"content":{"rendered":"<p>LED spotlight for wall mounting, black, 4000 K, 2x900 lm, 2 LED spotlights with a total of 17 W, networkable via wire, successor to 1020724, theLeda S20L BK<\/p>\n<p><a href=\"https:\/\/www.theben.de\/product\/1020603\/operating-instructions\" target=\"_blank\" rel=\"noopener\">Lejupiel\u0101d\u0113t vair\u0101k inform\u0101cijas<\/a><\/p>\n<p><a href=\"https:\/\/www.theben.de\/product\/1020603\" target=\"_blank\" rel=\"noopener\">Vair\u0101k inform\u0101cijas<\/a><\/p>\n<p>Datu lapa:<br \/>\n<a href=\"https:\/\/www.theben.de\/product\/1020603\/datasheet\" target=\"_blank\" rel=\"noopener\">Skat\u012bt<\/a><\/p>","protected":false},"excerpt":{"rendered":"<p>LED spotlight for wall mounting, black, 4000 K, 2&#215;900 lm, 2 LED spotlights with a total of 17 W, networkable<\/p>","protected":false},"featured_media":30379,"template":"","meta":[],"product_brand":[],"product_cat":[877],"product_tag":[],"class_list":{"0":"post-30379","1":"product","2":"type-product","3":"status-publish","4":"has-post-thumbnail","6":"product_cat-leda-s","8":"first","9":"instock","10":"taxable","11":"shipping-taxable","12":"purchasable","13":"product-type-simple"},"_links":{"self":[{"href":"https:\/\/shop.vallin.lv\/lv\/wp-json\/wp\/v2\/product\/30379","targetHints":{"allow":["GET"]}}],"collection":[{"href":"https:\/\/shop.vallin.lv\/lv\/wp-json\/wp\/v2\/product"}],"about":[{"href":"https:\/\/shop.vallin.lv\/lv\/wp-json\/wp\/v2\/types\/product"}],"version-history":[{"count":4,"href":"https:\/\/shop.vallin.lv\/lv\/wp-json\/wp\/v2\/product\/30379\/revisions"}],"predecessor-version":[{"id":67985,"href":"https:\/\/shop.vallin.lv\/lv\/wp-json\/wp\/v2\/product\/30379\/revisions\/67985"}],"wp:featuredmedia":[{"embeddable":true,"href":"https:\/\/shop.vallin.lv\/lv\/wp-json\/wp\/v2\/product\/30379"}],"wp:attachment":[{"href":"https:\/\/shop.vallin.lv\/lv\/wp-json\/wp\/v2\/media?parent=30379"}],"wp:term":[{"taxonomy":"product_brand","embeddable":true,"href":"https:\/\/shop.vallin.lv\/lv\/wp-json\/wp\/v2\/product_brand?post=30379"},{"taxonomy":"product_cat","embeddable":true,"href":"https:\/\/shop.vallin.lv\/lv\/wp-json\/wp\/v2\/product_cat?post=30379"},{"taxonomy":"product_tag","embeddable":true,"href":"https:\/\/shop.vallin.lv\/lv\/wp-json\/wp\/v2\/product_tag?post=30379"}],"curies":[{"name":"wp","href":"https:\/\/api.w.org\/{rel}","templated":true}]}}