{"id":30291,"date":"2025-12-10T20:08:01","date_gmt":"2025-12-10T18:08:01","guid":{"rendered":"https:\/\/shop.vallin.lv\/product\/rail-mounted-staircase-light-timer-tlz-with-10-functions-and-switch-off-warning-2\/"},"modified":"2026-03-12T15:35:01","modified_gmt":"2026-03-12T13:35:01","slug":"rail-mounted-staircase-light-timer-tlz-with-10-functions-and-switch-off-warning-2","status":"publish","type":"product","link":"https:\/\/shop.vallin.lv\/lv\/products\/rail-mounted-staircase-light-timer-tlz-with-10-functions-and-switch-off-warning-2\/","title":{"rendered":"Uz slied\u0113m uzmont\u0113ts k\u0101p\u0146u apgaismojums ar taimeri (TLZ) ar 10 funkcij\u0101m un izsl\u0113g\u0161anas br\u012bdin\u0101jumu"},"content":{"rendered":"<p>Series-mounted staircase light timer switch (TLZ) with 10 functions, connectable downstream, switch-off warning optimized for LED lights, long-time range 60 min., 3- and 4-wire connection, push-button input with electronic overload protection<\/p>\n<p><a href=\"https:\/\/www.theben.de\/product\/0060003\" target=\"_blank\">Vair\u0101k inform\u0101cijas<\/a><\/p>\n<p>Datu lapa:<br \/>\n<a href=\"https:\/\/www.theben.de\/product\/0060003\/datasheet\" target=\"_blank\">Skat\u012bt<\/a><\/p>","protected":false},"excerpt":{"rendered":"<p>Series-mounted staircase light timer switch (TLZ) with 10 functions, connectable downstream, switch-off warning optimized for LED lights, long-time range 60<\/p>","protected":false},"featured_media":30291,"template":"","meta":[],"product_brand":[],"product_cat":[899],"product_tag":[],"class_list":{"0":"post-30291","1":"product","2":"type-product","3":"status-publish","4":"has-post-thumbnail","6":"product_cat-din-staircase-time-switches","8":"first","9":"outofstock","10":"taxable","11":"shipping-taxable","12":"purchasable","13":"product-type-simple"},"_links":{"self":[{"href":"https:\/\/shop.vallin.lv\/lv\/wp-json\/wp\/v2\/product\/30291","targetHints":{"allow":["GET"]}}],"collection":[{"href":"https:\/\/shop.vallin.lv\/lv\/wp-json\/wp\/v2\/product"}],"about":[{"href":"https:\/\/shop.vallin.lv\/lv\/wp-json\/wp\/v2\/types\/product"}],"version-history":[{"count":3,"href":"https:\/\/shop.vallin.lv\/lv\/wp-json\/wp\/v2\/product\/30291\/revisions"}],"predecessor-version":[{"id":67943,"href":"https:\/\/shop.vallin.lv\/lv\/wp-json\/wp\/v2\/product\/30291\/revisions\/67943"}],"wp:featuredmedia":[{"embeddable":true,"href":"https:\/\/shop.vallin.lv\/lv\/wp-json\/wp\/v2\/product\/30291"}],"wp:attachment":[{"href":"https:\/\/shop.vallin.lv\/lv\/wp-json\/wp\/v2\/media?parent=30291"}],"wp:term":[{"taxonomy":"product_brand","embeddable":true,"href":"https:\/\/shop.vallin.lv\/lv\/wp-json\/wp\/v2\/product_brand?post=30291"},{"taxonomy":"product_cat","embeddable":true,"href":"https:\/\/shop.vallin.lv\/lv\/wp-json\/wp\/v2\/product_cat?post=30291"},{"taxonomy":"product_tag","embeddable":true,"href":"https:\/\/shop.vallin.lv\/lv\/wp-json\/wp\/v2\/product_tag?post=30291"}],"curies":[{"name":"wp","href":"https:\/\/api.w.org\/{rel}","templated":true}]}}