{"id":30289,"date":"2025-12-10T20:08:00","date_gmt":"2025-12-10T18:08:00","guid":{"rendered":"https:\/\/shop.vallin.lv\/product\/series-mounted-staircase-light-timer-switch-tlz-with-switch-off-warning\/"},"modified":"2026-03-12T15:35:01","modified_gmt":"2026-03-12T13:35:01","slug":"series-mounted-staircase-light-timer-switch-tlz-with-switch-off-warning","status":"publish","type":"product","link":"https:\/\/shop.vallin.lv\/lv\/products\/series-mounted-staircase-light-timer-switch-tlz-with-switch-off-warning\/","title":{"rendered":"S\u0113rijveid\u0101 mont\u0113jams k\u0101p\u0146u telpas apgaismojuma laika sl\u0113dzis (TLZ) ar izsl\u0113g\u0161an\u0101s br\u012bdin\u0101jumu"},"content":{"rendered":"<p>Series-mounted staircase light timer switch (TLZ), width 1 TE, with switch-off warning, connectable downstream, 3- and 4-wire connection, push-button input, glow lamp load with electronic overload protection, additional push-button input galvanically isolated for intercom systems AC\/DC 8&#8230;240 V<\/p>\n<p><a href=\"https:\/\/www.theben.de\/product\/0030002\" target=\"_blank\">Vair\u0101k inform\u0101cijas<\/a><\/p>\n<p>Datu lapa:<br \/>\n<a href=\"https:\/\/www.theben.de\/product\/0030002\/datasheet\" target=\"_blank\">Skat\u012bt<\/a><\/p>","protected":false},"excerpt":{"rendered":"<p>Series-mounted staircase light timer switch (TLZ), width 1 TE, with switch-off warning, connectable downstream, 3- and 4-wire connection, push-button input,<\/p>","protected":false},"featured_media":30289,"template":"","meta":[],"product_brand":[],"product_cat":[899],"product_tag":[],"class_list":{"0":"post-30289","1":"product","2":"type-product","3":"status-publish","4":"has-post-thumbnail","6":"product_cat-din-staircase-time-switches","8":"first","9":"outofstock","10":"taxable","11":"shipping-taxable","12":"purchasable","13":"product-type-simple"},"_links":{"self":[{"href":"https:\/\/shop.vallin.lv\/lv\/wp-json\/wp\/v2\/product\/30289","targetHints":{"allow":["GET"]}}],"collection":[{"href":"https:\/\/shop.vallin.lv\/lv\/wp-json\/wp\/v2\/product"}],"about":[{"href":"https:\/\/shop.vallin.lv\/lv\/wp-json\/wp\/v2\/types\/product"}],"version-history":[{"count":3,"href":"https:\/\/shop.vallin.lv\/lv\/wp-json\/wp\/v2\/product\/30289\/revisions"}],"predecessor-version":[{"id":67941,"href":"https:\/\/shop.vallin.lv\/lv\/wp-json\/wp\/v2\/product\/30289\/revisions\/67941"}],"wp:featuredmedia":[{"embeddable":true,"href":"https:\/\/shop.vallin.lv\/lv\/wp-json\/wp\/v2\/product\/30289"}],"wp:attachment":[{"href":"https:\/\/shop.vallin.lv\/lv\/wp-json\/wp\/v2\/media?parent=30289"}],"wp:term":[{"taxonomy":"product_brand","embeddable":true,"href":"https:\/\/shop.vallin.lv\/lv\/wp-json\/wp\/v2\/product_brand?post=30289"},{"taxonomy":"product_cat","embeddable":true,"href":"https:\/\/shop.vallin.lv\/lv\/wp-json\/wp\/v2\/product_cat?post=30289"},{"taxonomy":"product_tag","embeddable":true,"href":"https:\/\/shop.vallin.lv\/lv\/wp-json\/wp\/v2\/product_tag?post=30289"}],"curies":[{"name":"wp","href":"https:\/\/api.w.org\/{rel}","templated":true}]}}