{"id":29907,"date":"2025-12-10T19:35:25","date_gmt":"2025-12-10T17:35:25","guid":{"rendered":"https:\/\/shop.vallin.lv\/product\/three-phase-voltage-stabilizer-phase-control-ip-20-63-kva-e-400v-s-400v\/"},"modified":"2026-03-12T15:26:38","modified_gmt":"2026-03-12T13:26:38","slug":"three-phase-voltage-stabilizer-phase-control-ip-20-63-kva-e-400v-s-400v","status":"publish","type":"product","link":"https:\/\/shop.vallin.lv\/lv\/products\/three-phase-voltage-stabilizer-phase-control-ip-20-63-kva-e-400v-s-400v\/","title":{"rendered":"Tr\u012bsf\u0101zu sprieguma stabilizators f\u0101zes kontrole IP-20 63 kVA E\/400V S\/400V"},"content":{"rendered":"<p>Datu lapa:<br \/>\n<a href=\"https:\/\/polylux.com\/en\/voltage-stabilizers\/voltage-stabilizers-1\/serievtf\/\" target=\"_blank\">Skat\u012bt<\/a><\/p>\n<p>Sertifik\u0101ts:<br \/>\n<a href=\"https:\/\/www.polylux.com\/images\/files\/company\/Declaracion_series_VK_VTF.pdf\" target=\"_blank\">Declaracion_series_VK_VTF.pdf<\/a><\/p>","protected":false},"excerpt":{"rendered":"<p>Data Sheet: View Certificate: Declaracion_series_VK_VTF.pdf<\/p>","protected":false},"featured_media":29907,"template":"","meta":[],"product_brand":[],"product_cat":[928],"product_tag":[],"class_list":{"0":"post-29907","1":"product","2":"type-product","3":"status-publish","4":"has-post-thumbnail","6":"product_cat-reactors-filters-compensators-others","8":"first","9":"outofstock","10":"taxable","11":"shipping-taxable","12":"purchasable","13":"product-type-simple"},"_links":{"self":[{"href":"https:\/\/shop.vallin.lv\/lv\/wp-json\/wp\/v2\/product\/29907","targetHints":{"allow":["GET"]}}],"collection":[{"href":"https:\/\/shop.vallin.lv\/lv\/wp-json\/wp\/v2\/product"}],"about":[{"href":"https:\/\/shop.vallin.lv\/lv\/wp-json\/wp\/v2\/types\/product"}],"version-history":[{"count":5,"href":"https:\/\/shop.vallin.lv\/lv\/wp-json\/wp\/v2\/product\/29907\/revisions"}],"predecessor-version":[{"id":70582,"href":"https:\/\/shop.vallin.lv\/lv\/wp-json\/wp\/v2\/product\/29907\/revisions\/70582"}],"wp:featuredmedia":[{"embeddable":true,"href":"https:\/\/shop.vallin.lv\/lv\/wp-json\/wp\/v2\/product\/29907"}],"wp:attachment":[{"href":"https:\/\/shop.vallin.lv\/lv\/wp-json\/wp\/v2\/media?parent=29907"}],"wp:term":[{"taxonomy":"product_brand","embeddable":true,"href":"https:\/\/shop.vallin.lv\/lv\/wp-json\/wp\/v2\/product_brand?post=29907"},{"taxonomy":"product_cat","embeddable":true,"href":"https:\/\/shop.vallin.lv\/lv\/wp-json\/wp\/v2\/product_cat?post=29907"},{"taxonomy":"product_tag","embeddable":true,"href":"https:\/\/shop.vallin.lv\/lv\/wp-json\/wp\/v2\/product_tag?post=29907"}],"curies":[{"name":"wp","href":"https:\/\/api.w.org\/{rel}","templated":true}]}}