{"id":29407,"date":"2025-12-10T19:30:33","date_gmt":"2025-12-10T17:30:33","guid":{"rendered":"https:\/\/shop.vallin.lv\/product\/encapsulated-three-phase-isolation-transformer-ip-00-160-kva-e-400-v-s-400-vn-yyn0\/"},"modified":"2026-03-12T15:25:14","modified_gmt":"2026-03-12T13:25:14","slug":"encapsulated-three-phase-isolation-transformer-ip-00-160-kva-e-400-v-s-400-vn-yyn0","status":"publish","type":"product","link":"https:\/\/shop.vallin.lv\/lv\/products\/encapsulated-three-phase-isolation-transformer-ip-00-160-kva-e-400-v-s-400-vn-yyn0\/","title":{"rendered":"Iekapsul\u0113ts Tr\u012bsf\u0101\u017eu izol\u0101cijas transformators IP-00 160 kVA E\/400 V S\/400 V+N Yyn0"},"content":{"rendered":"<p>Datu lapa:<br \/>\n<a href=\"https:\/\/polylux.com\/en\/transformers\/isolation\/tt-series\/\" target=\"_blank\">Skat\u012bt<\/a><\/p>\n<p>Sertifik\u0101ts:<br \/>\n<a href=\"https:\/\/www.polylux.com\/images\/files\/company\/Declaracion_series_TTWTTX_TTZ_TTE_TTFKX_TTFKW.pdf\" target=\"_blank\">Declaracion_series_TTWTTX_TTZ_TTE_TTFKX_TTFKW.pdf<\/a><\/p>","protected":false},"excerpt":{"rendered":"<p>Data Sheet: View Certificate: Declaracion_series_TTWTTX_TTZ_TTE_TTFKX_TTFKW.pdf<\/p>","protected":false},"featured_media":29407,"template":"","meta":[],"product_brand":[],"product_cat":[812],"product_tag":[],"class_list":{"0":"post-29407","1":"product","2":"type-product","3":"status-publish","4":"has-post-thumbnail","6":"product_cat-isolation-transformers","8":"first","9":"outofstock","10":"taxable","11":"shipping-taxable","12":"purchasable","13":"product-type-simple"},"_links":{"self":[{"href":"https:\/\/shop.vallin.lv\/lv\/wp-json\/wp\/v2\/product\/29407","targetHints":{"allow":["GET"]}}],"collection":[{"href":"https:\/\/shop.vallin.lv\/lv\/wp-json\/wp\/v2\/product"}],"about":[{"href":"https:\/\/shop.vallin.lv\/lv\/wp-json\/wp\/v2\/types\/product"}],"version-history":[{"count":5,"href":"https:\/\/shop.vallin.lv\/lv\/wp-json\/wp\/v2\/product\/29407\/revisions"}],"predecessor-version":[{"id":70356,"href":"https:\/\/shop.vallin.lv\/lv\/wp-json\/wp\/v2\/product\/29407\/revisions\/70356"}],"wp:featuredmedia":[{"embeddable":true,"href":"https:\/\/shop.vallin.lv\/lv\/wp-json\/wp\/v2\/product\/29407"}],"wp:attachment":[{"href":"https:\/\/shop.vallin.lv\/lv\/wp-json\/wp\/v2\/media?parent=29407"}],"wp:term":[{"taxonomy":"product_brand","embeddable":true,"href":"https:\/\/shop.vallin.lv\/lv\/wp-json\/wp\/v2\/product_brand?post=29407"},{"taxonomy":"product_cat","embeddable":true,"href":"https:\/\/shop.vallin.lv\/lv\/wp-json\/wp\/v2\/product_cat?post=29407"},{"taxonomy":"product_tag","embeddable":true,"href":"https:\/\/shop.vallin.lv\/lv\/wp-json\/wp\/v2\/product_tag?post=29407"}],"curies":[{"name":"wp","href":"https:\/\/api.w.org\/{rel}","templated":true}]}}