{"id":29395,"date":"2025-12-10T19:30:26","date_gmt":"2025-12-10T17:30:26","guid":{"rendered":"https:\/\/shop.vallin.lv\/product\/three-phase-step-down-isolation-transformer-ip-54-630-kva-e-400-v-s-230-vn-yyn0\/"},"modified":"2026-03-12T15:27:34","modified_gmt":"2026-03-12T13:27:34","slug":"three-phase-step-down-isolation-transformer-ip-54-630-kva-e-400-v-s-230-vn-yyn0","status":"publish","type":"product","link":"https:\/\/shop.vallin.lv\/lv\/products\/three-phase-step-down-isolation-transformer-ip-54-630-kva-e-400-v-s-230-vn-yyn0\/","title":{"rendered":"Tr\u012bsf\u0101\u017eu sprieguma samazin\u0101\u0161anas izol\u0101cijas transformators IP-54 630 kVA E\/400 V S\/230 V + N Yyn0"},"content":{"rendered":"<p>Datu lapa:<br \/>\n<a href=\"https:\/\/polylux.com\/en\/transformers\/isolation\/ttd-series\/\" target=\"_blank\">Skat\u012bt<\/a><\/p>\n<p>Sertifik\u0101ts:<br \/>\n<a href=\"https:\/\/www.polylux.com\/images\/files\/company\/Declaracion_series_TTWTTX_TTZ_TTE_TTFKX_TTFKW.pdf\" target=\"_blank\">Declaracion_series_TTWTTX_TTZ_TTE_TTFKX_TTFKW.pdf<\/a><\/p>","protected":false},"excerpt":{"rendered":"<p>Data Sheet: View Certificate: Declaracion_series_TTWTTX_TTZ_TTE_TTFKX_TTFKW.pdf<\/p>","protected":false},"featured_media":29395,"template":"","meta":[],"product_brand":[],"product_cat":[812],"product_tag":[],"class_list":{"0":"post-29395","1":"product","2":"type-product","3":"status-publish","4":"has-post-thumbnail","6":"product_cat-isolation-transformers","8":"first","9":"outofstock","10":"taxable","11":"shipping-taxable","12":"purchasable","13":"product-type-simple"},"_links":{"self":[{"href":"https:\/\/shop.vallin.lv\/lv\/wp-json\/wp\/v2\/product\/29395","targetHints":{"allow":["GET"]}}],"collection":[{"href":"https:\/\/shop.vallin.lv\/lv\/wp-json\/wp\/v2\/product"}],"about":[{"href":"https:\/\/shop.vallin.lv\/lv\/wp-json\/wp\/v2\/types\/product"}],"version-history":[{"count":5,"href":"https:\/\/shop.vallin.lv\/lv\/wp-json\/wp\/v2\/product\/29395\/revisions"}],"predecessor-version":[{"id":70729,"href":"https:\/\/shop.vallin.lv\/lv\/wp-json\/wp\/v2\/product\/29395\/revisions\/70729"}],"wp:featuredmedia":[{"embeddable":true,"href":"https:\/\/shop.vallin.lv\/lv\/wp-json\/wp\/v2\/product\/29395"}],"wp:attachment":[{"href":"https:\/\/shop.vallin.lv\/lv\/wp-json\/wp\/v2\/media?parent=29395"}],"wp:term":[{"taxonomy":"product_brand","embeddable":true,"href":"https:\/\/shop.vallin.lv\/lv\/wp-json\/wp\/v2\/product_brand?post=29395"},{"taxonomy":"product_cat","embeddable":true,"href":"https:\/\/shop.vallin.lv\/lv\/wp-json\/wp\/v2\/product_cat?post=29395"},{"taxonomy":"product_tag","embeddable":true,"href":"https:\/\/shop.vallin.lv\/lv\/wp-json\/wp\/v2\/product_tag?post=29395"}],"curies":[{"name":"wp","href":"https:\/\/api.w.org\/{rel}","templated":true}]}}