{"id":29212,"date":"2025-12-10T19:28:47","date_gmt":"2025-12-10T17:28:47","guid":{"rendered":"https:\/\/shop.vallin.lv\/product\/encapsulated-single-phase-isolation-transformer-ip-00-40-kva-e-230-v-s-230-v\/"},"modified":"2026-03-12T15:25:59","modified_gmt":"2026-03-12T13:25:59","slug":"encapsulated-single-phase-isolation-transformer-ip-00-40-kva-e-230-v-s-230-v","status":"publish","type":"product","link":"https:\/\/shop.vallin.lv\/lv\/products\/encapsulated-single-phase-isolation-transformer-ip-00-40-kva-e-230-v-s-230-v\/","title":{"rendered":"Iekapsul\u0113tais vienf\u0101zes izol\u0101cijas transformators IP-00 40 kVA E\/230 V S\/230 V"},"content":{"rendered":"<p>Datu lapa:<br \/>\n<a href=\"https:\/\/polylux.com\/en\/transformers\/isolation\/tk-series\/\" target=\"_blank\">Skat\u012bt<\/a><\/p>\n<p>Sertifik\u0101ts:<br \/>\n<a href=\"https:\/\/www.polylux.com\/images\/files\/company\/Certificados\/Declaracion_series_TKW%2C_TKX%2C_TKZ%2C_TKE.pdf\" target=\"_blank\">Declaracion_series_TKW%2C_TKX%2C_TKZ%2C_TKE.pdf<\/a><\/p>","protected":false},"excerpt":{"rendered":"<p>Data Sheet: View Certificate: Declaracion_series_TKW%2C_TKX%2C_TKZ%2C_TKE.pdf<\/p>","protected":false},"featured_media":29212,"template":"","meta":[],"product_brand":[],"product_cat":[812],"product_tag":[],"class_list":{"0":"post-29212","1":"product","2":"type-product","3":"status-publish","4":"has-post-thumbnail","6":"product_cat-isolation-transformers","8":"first","9":"outofstock","10":"taxable","11":"shipping-taxable","12":"purchasable","13":"product-type-simple"},"_links":{"self":[{"href":"https:\/\/shop.vallin.lv\/lv\/wp-json\/wp\/v2\/product\/29212","targetHints":{"allow":["GET"]}}],"collection":[{"href":"https:\/\/shop.vallin.lv\/lv\/wp-json\/wp\/v2\/product"}],"about":[{"href":"https:\/\/shop.vallin.lv\/lv\/wp-json\/wp\/v2\/types\/product"}],"version-history":[{"count":5,"href":"https:\/\/shop.vallin.lv\/lv\/wp-json\/wp\/v2\/product\/29212\/revisions"}],"predecessor-version":[{"id":70478,"href":"https:\/\/shop.vallin.lv\/lv\/wp-json\/wp\/v2\/product\/29212\/revisions\/70478"}],"wp:featuredmedia":[{"embeddable":true,"href":"https:\/\/shop.vallin.lv\/lv\/wp-json\/wp\/v2\/product\/29212"}],"wp:attachment":[{"href":"https:\/\/shop.vallin.lv\/lv\/wp-json\/wp\/v2\/media?parent=29212"}],"wp:term":[{"taxonomy":"product_brand","embeddable":true,"href":"https:\/\/shop.vallin.lv\/lv\/wp-json\/wp\/v2\/product_brand?post=29212"},{"taxonomy":"product_cat","embeddable":true,"href":"https:\/\/shop.vallin.lv\/lv\/wp-json\/wp\/v2\/product_cat?post=29212"},{"taxonomy":"product_tag","embeddable":true,"href":"https:\/\/shop.vallin.lv\/lv\/wp-json\/wp\/v2\/product_tag?post=29212"}],"curies":[{"name":"wp","href":"https:\/\/api.w.org\/{rel}","templated":true}]}}