{"id":29200,"date":"2025-12-10T19:28:39","date_gmt":"2025-12-10T17:28:39","guid":{"rendered":"https:\/\/shop.vallin.lv\/product\/single-phase-isolation-transformer-connection-tip-5in-ip-54-40-kva-e-230-v-s-230-v\/"},"modified":"2026-03-12T15:29:59","modified_gmt":"2026-03-12T13:29:59","slug":"single-phase-isolation-transformer-connection-tip-5in-ip-54-40-kva-e-230-v-s-230-v","status":"publish","type":"product","link":"https:\/\/shop.vallin.lv\/lv\/products\/single-phase-isolation-transformer-connection-tip-5in-ip-54-40-kva-e-230-v-s-230-v\/","title":{"rendered":"Vienf\u0101zes izol\u0101cijas transformatora piesl\u0113guma uzgalis = 5In IP-54 40 kVA E\/230 V S\/230 V"},"content":{"rendered":"<p>Datu lapa:<br \/>\n<a href=\"https:\/\/polylux.com\/en\/transformers\/isolation\/serie-tk5in\/\" target=\"_blank\">Skat\u012bt<\/a><\/p>\n<p>Sertifik\u0101ts:<br \/>\n<a href=\"https:\/\/www.polylux.com\/images\/files\/company\/Declaracion_series_TK5INX_TK5INW_TK5INZ.pdf\" target=\"_blank\">Declaracion_series_TK5INX_TK5INW_TK5INZ.pdf<\/a><\/p>","protected":false},"excerpt":{"rendered":"<p>Data Sheet: View Certificate: Declaracion_series_TK5INX_TK5INW_TK5INZ.pdf<\/p>","protected":false},"featured_media":29200,"template":"","meta":[],"product_brand":[],"product_cat":[812],"product_tag":[],"class_list":{"0":"post-29200","1":"product","2":"type-product","3":"status-publish","4":"has-post-thumbnail","6":"product_cat-isolation-transformers","8":"first","9":"outofstock","10":"taxable","11":"shipping-taxable","12":"purchasable","13":"product-type-simple"},"_links":{"self":[{"href":"https:\/\/shop.vallin.lv\/lv\/wp-json\/wp\/v2\/product\/29200","targetHints":{"allow":["GET"]}}],"collection":[{"href":"https:\/\/shop.vallin.lv\/lv\/wp-json\/wp\/v2\/product"}],"about":[{"href":"https:\/\/shop.vallin.lv\/lv\/wp-json\/wp\/v2\/types\/product"}],"version-history":[{"count":5,"href":"https:\/\/shop.vallin.lv\/lv\/wp-json\/wp\/v2\/product\/29200\/revisions"}],"predecessor-version":[{"id":71103,"href":"https:\/\/shop.vallin.lv\/lv\/wp-json\/wp\/v2\/product\/29200\/revisions\/71103"}],"wp:featuredmedia":[{"embeddable":true,"href":"https:\/\/shop.vallin.lv\/lv\/wp-json\/wp\/v2\/product\/29200"}],"wp:attachment":[{"href":"https:\/\/shop.vallin.lv\/lv\/wp-json\/wp\/v2\/media?parent=29200"}],"wp:term":[{"taxonomy":"product_brand","embeddable":true,"href":"https:\/\/shop.vallin.lv\/lv\/wp-json\/wp\/v2\/product_brand?post=29200"},{"taxonomy":"product_cat","embeddable":true,"href":"https:\/\/shop.vallin.lv\/lv\/wp-json\/wp\/v2\/product_cat?post=29200"},{"taxonomy":"product_tag","embeddable":true,"href":"https:\/\/shop.vallin.lv\/lv\/wp-json\/wp\/v2\/product_tag?post=29200"}],"curies":[{"name":"wp","href":"https:\/\/api.w.org\/{rel}","templated":true}]}}