{"id":29132,"date":"2025-12-10T19:28:01","date_gmt":"2025-12-10T17:28:01","guid":{"rendered":"https:\/\/shop.vallin.lv\/product\/encapsulated-single-phase-transformer-for-clinical-use-ip-23-6300-va-e-230-v-s-230-v-115-0-115-v\/"},"modified":"2026-03-12T15:26:10","modified_gmt":"2026-03-12T13:26:10","slug":"encapsulated-single-phase-transformer-for-clinical-use-ip-23-6300-va-e-230-v-s-230-v-115-0-115-v","status":"publish","type":"product","link":"https:\/\/shop.vallin.lv\/lv\/products\/encapsulated-single-phase-transformer-for-clinical-use-ip-23-6300-va-e-230-v-s-230-v-115-0-115-v\/","title":{"rendered":"Iekapsul\u0113ts vienf\u0101zes transformators kl\u012bniskai lieto\u0161anai IP-23 6300 VA E\/230 V S\/230 V (115-0-115 V)"},"content":{"rendered":"<p>Datu lapa:<br \/>\n<a href=\"https:\/\/polylux.com\/en\/transformers\/medical-transformers\/th-series\/\" target=\"_blank\">Skat\u012bt<\/a><\/p>\n<p>Sertifik\u0101ts:<br \/>\n<a href=\"https:\/\/www.polylux.com\/images\/files\/company\/Declaracion_series_TH_THX_THW_TTH_TTHX_TTHW.pdf\" target=\"_blank\">Declaracion_series_TH_THX_THW_TTH_TTHX_TTHW.pdf<\/a><\/p>","protected":false},"excerpt":{"rendered":"<p>Data Sheet: View Certificate: Declaracion_series_TH_THX_THW_TTH_TTHX_TTHW.pdf<\/p>","protected":false},"featured_media":29132,"template":"","meta":[],"product_brand":[],"product_cat":[812],"product_tag":[],"class_list":{"0":"post-29132","1":"product","2":"type-product","3":"status-publish","4":"has-post-thumbnail","6":"product_cat-isolation-transformers","8":"first","9":"outofstock","10":"taxable","11":"shipping-taxable","12":"purchasable","13":"product-type-simple"},"_links":{"self":[{"href":"https:\/\/shop.vallin.lv\/lv\/wp-json\/wp\/v2\/product\/29132","targetHints":{"allow":["GET"]}}],"collection":[{"href":"https:\/\/shop.vallin.lv\/lv\/wp-json\/wp\/v2\/product"}],"about":[{"href":"https:\/\/shop.vallin.lv\/lv\/wp-json\/wp\/v2\/types\/product"}],"version-history":[{"count":5,"href":"https:\/\/shop.vallin.lv\/lv\/wp-json\/wp\/v2\/product\/29132\/revisions"}],"predecessor-version":[{"id":70515,"href":"https:\/\/shop.vallin.lv\/lv\/wp-json\/wp\/v2\/product\/29132\/revisions\/70515"}],"wp:featuredmedia":[{"embeddable":true,"href":"https:\/\/shop.vallin.lv\/lv\/wp-json\/wp\/v2\/product\/29132"}],"wp:attachment":[{"href":"https:\/\/shop.vallin.lv\/lv\/wp-json\/wp\/v2\/media?parent=29132"}],"wp:term":[{"taxonomy":"product_brand","embeddable":true,"href":"https:\/\/shop.vallin.lv\/lv\/wp-json\/wp\/v2\/product_brand?post=29132"},{"taxonomy":"product_cat","embeddable":true,"href":"https:\/\/shop.vallin.lv\/lv\/wp-json\/wp\/v2\/product_cat?post=29132"},{"taxonomy":"product_tag","embeddable":true,"href":"https:\/\/shop.vallin.lv\/lv\/wp-json\/wp\/v2\/product_tag?post=29132"}],"curies":[{"name":"wp","href":"https:\/\/api.w.org\/{rel}","templated":true}]}}