{"id":29050,"date":"2025-12-10T19:27:15","date_gmt":"2025-12-10T17:27:15","guid":{"rendered":"https:\/\/shop.vallin.lv\/product\/three-phase-rejection-inductance-for-capacitor-banks-ip-00-network400-v-q80-kvar-fo189-hz-p-7\/"},"modified":"2026-03-12T15:20:41","modified_gmt":"2026-03-12T13:20:41","slug":"three-phase-rejection-inductance-for-capacitor-banks-ip-00-network400-v-q80-kvar-fo189-hz-p-7","status":"publish","type":"product","link":"https:\/\/shop.vallin.lv\/lv\/products\/three-phase-rejection-inductance-for-capacitor-banks-ip-00-network400-v-q80-kvar-fo189-hz-p-7\/","title":{"rendered":"Tr\u012bsf\u0101zu noraid\u012bjuma induktivit\u0101te kondensatora blokiem IP-00 T\u012bkls: 400 V Q = 80 kvar Fo = 189 Hz (p 7%)"},"content":{"rendered":"<p><a href=\"https:\/\/polylux.com\/en\/?s=RTFX10&amp;post_type%5B%5D=post&amp;post_type%5B%5D=page&amp;search_limit_to_post_titles=0&amp;add_woo_product_skus=0&amp;fs=1&amp;lang=en\" target=\"_blank\">Vair\u0101k inform\u0101cijas<\/a><\/p>\n<p>Datu lapa:<br \/>\n<a href=\"https:\/\/polylux.com\/en\/?s=RTFX10&amp;post_type%5B%5D=post&amp;post_type%5B%5D=page&amp;search_limit_to_post_titles=0&amp;add_woo_product_skus=0&amp;fs=1&amp;lang=en\" target=\"_blank\">Skat\u012bt<\/a><\/p>\n<p>Sertifik\u0101ts:<br \/>\n<a href=\"https:\/\/www.polylux.com\/images\/files\/company\/Declaracion_series_PR_R_RTL_RTLX_RTFX_RTOX__EN_60076-6.pdf\" target=\"_blank\">Declaracion_series_PR_R_RTL_RTLX_RTFX_RTOX__EN_60076-6.pdf<\/a><\/p>","protected":false},"excerpt":{"rendered":"<p>More information Data Sheet: View Certificate: Declaracion_series_PR_R_RTL_RTLX_RTFX_RTOX__EN_60076-6.pdf<\/p>","protected":false},"featured_media":29050,"template":"","meta":[],"product_brand":[],"product_cat":[928],"product_tag":[],"class_list":{"0":"post-29050","1":"product","2":"type-product","3":"status-publish","4":"has-post-thumbnail","6":"product_cat-reactors-filters-compensators-others","8":"first","9":"outofstock","10":"taxable","11":"shipping-taxable","12":"purchasable","13":"product-type-simple"},"_links":{"self":[{"href":"https:\/\/shop.vallin.lv\/lv\/wp-json\/wp\/v2\/product\/29050","targetHints":{"allow":["GET"]}}],"collection":[{"href":"https:\/\/shop.vallin.lv\/lv\/wp-json\/wp\/v2\/product"}],"about":[{"href":"https:\/\/shop.vallin.lv\/lv\/wp-json\/wp\/v2\/types\/product"}],"version-history":[{"count":4,"href":"https:\/\/shop.vallin.lv\/lv\/wp-json\/wp\/v2\/product\/29050\/revisions"}],"predecessor-version":[{"id":57470,"href":"https:\/\/shop.vallin.lv\/lv\/wp-json\/wp\/v2\/product\/29050\/revisions\/57470"}],"wp:featuredmedia":[{"embeddable":true,"href":"https:\/\/shop.vallin.lv\/lv\/wp-json\/wp\/v2\/product\/29050"}],"wp:attachment":[{"href":"https:\/\/shop.vallin.lv\/lv\/wp-json\/wp\/v2\/media?parent=29050"}],"wp:term":[{"taxonomy":"product_brand","embeddable":true,"href":"https:\/\/shop.vallin.lv\/lv\/wp-json\/wp\/v2\/product_brand?post=29050"},{"taxonomy":"product_cat","embeddable":true,"href":"https:\/\/shop.vallin.lv\/lv\/wp-json\/wp\/v2\/product_cat?post=29050"},{"taxonomy":"product_tag","embeddable":true,"href":"https:\/\/shop.vallin.lv\/lv\/wp-json\/wp\/v2\/product_tag?post=29050"}],"curies":[{"name":"wp","href":"https:\/\/api.w.org\/{rel}","templated":true}]}}