{"id":28944,"date":"2025-12-10T19:26:12","date_gmt":"2025-12-10T17:26:12","guid":{"rendered":"https:\/\/shop.vallin.lv\/product\/encapsulated-single-phase-control-switching-and-isolation-transformer-ip-20-400-va-e-230-400-460-v-s-24-48-v\/"},"modified":"2026-03-12T15:24:18","modified_gmt":"2026-03-12T13:24:18","slug":"encapsulated-single-phase-control-switching-and-isolation-transformer-ip-20-400-va-e-230-400-460-v-s-24-48-v","status":"publish","type":"product","link":"https:\/\/shop.vallin.lv\/lv\/products\/encapsulated-single-phase-control-switching-and-isolation-transformer-ip-20-400-va-e-230-400-460-v-s-24-48-v\/","title":{"rendered":"Iekapsul\u0113ts vienf\u0101zes vad\u012bbas, komut\u0101cijas un izol\u0101cijas transformators IP-20 400 VA E\/230-400-460 V S\/24-48 V"},"content":{"rendered":"<p><a href=\"https:\/\/polylux.com\/en\/transformers\/control\/p-q-n-ip-pxr-series\/\" target=\"_blank\">Vair\u0101k inform\u0101cijas<\/a><\/p>\n<p>Datu lapa:<br \/>\n<a href=\"https:\/\/polylux.com\/en\/transformers\/control\/p-q-n-ip-pxr-series\/\" target=\"_blank\">Skat\u012bt<\/a><\/p>\n<p>Sertifik\u0101ts:<br \/>\n<a href=\"https:\/\/www.polylux.com\/images\/files\/company\/Instrucciones_Series_P_y_Q.avif\" target=\"_blank\">Instrucciones_Series_P_y_Q.avif<\/a><\/p>","protected":false},"excerpt":{"rendered":"<p>More information Data Sheet: View Certificate: Instrucciones_Series_P_y_Q.avif<\/p>","protected":false},"featured_media":28944,"template":"","meta":[],"product_brand":[],"product_cat":[813],"product_tag":[],"class_list":{"0":"post-28944","1":"product","2":"type-product","3":"status-publish","4":"has-post-thumbnail","6":"product_cat-control-and-safety-transformers","8":"first","9":"outofstock","10":"taxable","11":"shipping-taxable","12":"purchasable","13":"product-type-simple"},"_links":{"self":[{"href":"https:\/\/shop.vallin.lv\/lv\/wp-json\/wp\/v2\/product\/28944","targetHints":{"allow":["GET"]}}],"collection":[{"href":"https:\/\/shop.vallin.lv\/lv\/wp-json\/wp\/v2\/product"}],"about":[{"href":"https:\/\/shop.vallin.lv\/lv\/wp-json\/wp\/v2\/types\/product"}],"version-history":[{"count":4,"href":"https:\/\/shop.vallin.lv\/lv\/wp-json\/wp\/v2\/product\/28944\/revisions"}],"predecessor-version":[{"id":57364,"href":"https:\/\/shop.vallin.lv\/lv\/wp-json\/wp\/v2\/product\/28944\/revisions\/57364"}],"wp:featuredmedia":[{"embeddable":true,"href":"https:\/\/shop.vallin.lv\/lv\/wp-json\/wp\/v2\/product\/28944"}],"wp:attachment":[{"href":"https:\/\/shop.vallin.lv\/lv\/wp-json\/wp\/v2\/media?parent=28944"}],"wp:term":[{"taxonomy":"product_brand","embeddable":true,"href":"https:\/\/shop.vallin.lv\/lv\/wp-json\/wp\/v2\/product_brand?post=28944"},{"taxonomy":"product_cat","embeddable":true,"href":"https:\/\/shop.vallin.lv\/lv\/wp-json\/wp\/v2\/product_cat?post=28944"},{"taxonomy":"product_tag","embeddable":true,"href":"https:\/\/shop.vallin.lv\/lv\/wp-json\/wp\/v2\/product_tag?post=28944"}],"curies":[{"name":"wp","href":"https:\/\/api.w.org\/{rel}","templated":true}]}}