{"id":28742,"date":"2025-12-10T19:24:22","date_gmt":"2025-12-10T17:24:22","guid":{"rendered":"https:\/\/shop.vallin.lv\/product\/encapsulated-single-phase-control-switching-and-isolation-transformer-ip-20-40-va-e-230-400-v-s-24-48-v\/"},"modified":"2026-03-12T15:24:17","modified_gmt":"2026-03-12T13:24:17","slug":"encapsulated-single-phase-control-switching-and-isolation-transformer-ip-20-40-va-e-230-400-v-s-24-48-v","status":"publish","type":"product","link":"https:\/\/shop.vallin.lv\/lv\/products\/encapsulated-single-phase-control-switching-and-isolation-transformer-ip-20-40-va-e-230-400-v-s-24-48-v\/","title":{"rendered":"Iekapsul\u0113ts vienf\u0101zes vad\u012bbas, komut\u0101cijas un izol\u0101cijas transformators IP-20 40 VA E\/230-400 V S\/24-48 V"},"content":{"rendered":"<p><a href=\"https:\/\/polylux.com\/en\/transformers\/control\/p-q-n-ip-pxr-series\/\" target=\"_blank\">Vair\u0101k inform\u0101cijas<\/a><\/p>\n<p>Datu lapa:<br \/>\n<a href=\"https:\/\/polylux.com\/en\/transformers\/control\/p-q-n-ip-pxr-series\/\" target=\"_blank\">Skat\u012bt<\/a><\/p>\n<p>Sertifik\u0101ts:<br \/>\n<a href=\"https:\/\/www.polylux.com\/images\/files\/company\/Declaracion_series_N_PIN_TU1P_TU3P_IPB_IPD.pdf\" target=\"_blank\">Declaracion_series_N_PIN_TU1P_TU3P_IPB_IPD.pdf<\/a><\/p>","protected":false},"excerpt":{"rendered":"<p>More information Data Sheet: View Certificate: Declaracion_series_N_PIN_TU1P_TU3P_IPB_IPD.pdf<\/p>","protected":false},"featured_media":28742,"template":"","meta":[],"product_brand":[],"product_cat":[813],"product_tag":[],"class_list":{"0":"post-28742","1":"product","2":"type-product","3":"status-publish","4":"has-post-thumbnail","6":"product_cat-control-and-safety-transformers","8":"first","9":"outofstock","10":"taxable","11":"shipping-taxable","12":"purchasable","13":"product-type-simple"},"_links":{"self":[{"href":"https:\/\/shop.vallin.lv\/lv\/wp-json\/wp\/v2\/product\/28742","targetHints":{"allow":["GET"]}}],"collection":[{"href":"https:\/\/shop.vallin.lv\/lv\/wp-json\/wp\/v2\/product"}],"about":[{"href":"https:\/\/shop.vallin.lv\/lv\/wp-json\/wp\/v2\/types\/product"}],"version-history":[{"count":4,"href":"https:\/\/shop.vallin.lv\/lv\/wp-json\/wp\/v2\/product\/28742\/revisions"}],"predecessor-version":[{"id":57162,"href":"https:\/\/shop.vallin.lv\/lv\/wp-json\/wp\/v2\/product\/28742\/revisions\/57162"}],"wp:featuredmedia":[{"embeddable":true,"href":"https:\/\/shop.vallin.lv\/lv\/wp-json\/wp\/v2\/product\/28742"}],"wp:attachment":[{"href":"https:\/\/shop.vallin.lv\/lv\/wp-json\/wp\/v2\/media?parent=28742"}],"wp:term":[{"taxonomy":"product_brand","embeddable":true,"href":"https:\/\/shop.vallin.lv\/lv\/wp-json\/wp\/v2\/product_brand?post=28742"},{"taxonomy":"product_cat","embeddable":true,"href":"https:\/\/shop.vallin.lv\/lv\/wp-json\/wp\/v2\/product_cat?post=28742"},{"taxonomy":"product_tag","embeddable":true,"href":"https:\/\/shop.vallin.lv\/lv\/wp-json\/wp\/v2\/product_tag?post=28742"}],"curies":[{"name":"wp","href":"https:\/\/api.w.org\/{rel}","templated":true}]}}