{"id":26453,"date":"2025-12-10T18:38:07","date_gmt":"2025-12-10T16:38:07","guid":{"rendered":"https:\/\/shop.vallin.lv\/product\/tas65-ta-cl-02-65x32mm-600-5a-term-long-side\/"},"modified":"2026-03-12T15:01:45","modified_gmt":"2026-03-12T13:01:45","slug":"tas65-ta-cl-02-65x32mm-600-5a-term-long-side","status":"publish","type":"product","link":"https:\/\/shop.vallin.lv\/lv\/products\/tas65-ta-cl-02-65x32mm-600-5a-term-long-side\/","title":{"rendered":"TAS65 TA CL.0,2 65x32mm 600\/5A , termin\u0101\u013ci garaj\u0101 pus\u0113"},"content":{"rendered":"<p><a href=\"https:\/\/assets.legrand.com\/pim\/NP-FT-GT\/NT-831.PDF\" target=\"_blank\">Vair\u0101k inform\u0101cijas<\/a><\/p>\n<p>Datu lapa:<br \/>\n<a href=\"https:\/\/assets.legrand.com\/pim\/NP-FT-GT\/NT-831.PDF\" target=\"_blank\">Skat\u012bt<\/a><\/p>","protected":false},"excerpt":{"rendered":"<p>More information Data Sheet: View<\/p>","protected":false},"featured_media":26453,"template":"","meta":[],"product_brand":[],"product_cat":[818],"product_tag":[],"class_list":{"0":"post-26453","1":"product","2":"type-product","3":"status-publish","4":"has-post-thumbnail","6":"product_cat-current-transformers","8":"first","9":"outofstock","10":"taxable","11":"shipping-taxable","12":"purchasable","13":"product-type-simple"},"_links":{"self":[{"href":"https:\/\/shop.vallin.lv\/lv\/wp-json\/wp\/v2\/product\/26453","targetHints":{"allow":["GET"]}}],"collection":[{"href":"https:\/\/shop.vallin.lv\/lv\/wp-json\/wp\/v2\/product"}],"about":[{"href":"https:\/\/shop.vallin.lv\/lv\/wp-json\/wp\/v2\/types\/product"}],"version-history":[{"count":4,"href":"https:\/\/shop.vallin.lv\/lv\/wp-json\/wp\/v2\/product\/26453\/revisions"}],"predecessor-version":[{"id":55710,"href":"https:\/\/shop.vallin.lv\/lv\/wp-json\/wp\/v2\/product\/26453\/revisions\/55710"}],"wp:featuredmedia":[{"embeddable":true,"href":"https:\/\/shop.vallin.lv\/lv\/wp-json\/wp\/v2\/product\/26453"}],"wp:attachment":[{"href":"https:\/\/shop.vallin.lv\/lv\/wp-json\/wp\/v2\/media?parent=26453"}],"wp:term":[{"taxonomy":"product_brand","embeddable":true,"href":"https:\/\/shop.vallin.lv\/lv\/wp-json\/wp\/v2\/product_brand?post=26453"},{"taxonomy":"product_cat","embeddable":true,"href":"https:\/\/shop.vallin.lv\/lv\/wp-json\/wp\/v2\/product_cat?post=26453"},{"taxonomy":"product_tag","embeddable":true,"href":"https:\/\/shop.vallin.lv\/lv\/wp-json\/wp\/v2\/product_tag?post=26453"}],"curies":[{"name":"wp","href":"https:\/\/api.w.org\/{rel}","templated":true}]}}