{"id":24331,"date":"2025-12-10T17:55:53","date_gmt":"2025-12-10T15:55:53","guid":{"rendered":"https:\/\/shop.vallin.lv\/product\/multifunction-4-din-modules-with-quality-data-param-80-265vca-100-300vcc-vnom-ff\/"},"modified":"2026-01-22T14:29:12","modified_gmt":"2026-01-22T12:29:12","slug":"multifunction-4-din-modules-with-quality-data-param-80-265vca-100-300vcc-vnom-ff","status":"publish","type":"product","link":"https:\/\/shop.vallin.lv\/lv\/products\/multifunction-4-din-modules-with-quality-data-param-80-265vca-100-300vcc-vnom-ff\/","title":{"rendered":"Daudzfunkcion\u0101la ier\u012bce, 4 DIN modu\u013ci, ar kvalit\u0101tes datu parametriem 80-265Vca\/100-300Vcc Vnom FF"},"content":{"rendered":"","protected":false},"excerpt":{"rendered":"","protected":false},"featured_media":0,"template":"","meta":[],"product_brand":[],"product_cat":[725],"product_tag":[],"class_list":{"0":"post-24331","1":"product","2":"type-product","3":"status-publish","5":"product_cat-multifunctional","7":"first","8":"outofstock","9":"taxable","10":"shipping-taxable","11":"purchasable","12":"product-type-simple"},"_links":{"self":[{"href":"https:\/\/shop.vallin.lv\/lv\/wp-json\/wp\/v2\/product\/24331","targetHints":{"allow":["GET"]}}],"collection":[{"href":"https:\/\/shop.vallin.lv\/lv\/wp-json\/wp\/v2\/product"}],"about":[{"href":"https:\/\/shop.vallin.lv\/lv\/wp-json\/wp\/v2\/types\/product"}],"version-history":[{"count":0,"href":"https:\/\/shop.vallin.lv\/lv\/wp-json\/wp\/v2\/product\/24331\/revisions"}],"wp:attachment":[{"href":"https:\/\/shop.vallin.lv\/lv\/wp-json\/wp\/v2\/media?parent=24331"}],"wp:term":[{"taxonomy":"product_brand","embeddable":true,"href":"https:\/\/shop.vallin.lv\/lv\/wp-json\/wp\/v2\/product_brand?post=24331"},{"taxonomy":"product_cat","embeddable":true,"href":"https:\/\/shop.vallin.lv\/lv\/wp-json\/wp\/v2\/product_cat?post=24331"},{"taxonomy":"product_tag","embeddable":true,"href":"https:\/\/shop.vallin.lv\/lv\/wp-json\/wp\/v2\/product_tag?post=24331"}],"curies":[{"name":"wp","href":"https:\/\/api.w.org\/{rel}","templated":true}]}}