{"id":23758,"date":"2025-12-10T17:47:43","date_gmt":"2025-12-10T15:47:43","guid":{"rendered":"https:\/\/shop.vallin.lv\/product\/sealable-term-cover-taibb\/"},"modified":"2026-04-16T14:00:54","modified_gmt":"2026-04-16T12:00:54","slug":"sealable-term-cover-taibb","status":"publish","type":"product","link":"https:\/\/shop.vallin.lv\/lv\/products\/sealable-term-cover-taibb\/","title":{"rendered":"Aizverams termin\u0101\u013ca v\u0101ks TAIBB"},"content":{"rendered":"<p><a href=\"https:\/\/assets.legrand.com\/pim\/NP-FT-GT\/NT812FR.pdf\" target=\"_blank\" rel=\"noopener\">Vair\u0101k inform\u0101cijas<\/a><\/p>","protected":false},"excerpt":{"rendered":"<p>Vair\u0101k inform\u0101cijas<\/p>","protected":false},"featured_media":23758,"template":"","meta":[],"product_brand":[],"product_cat":[820],"product_tag":[],"class_list":{"0":"post-23758","1":"product","2":"type-product","3":"status-publish","4":"has-post-thumbnail","6":"product_cat-analogue","8":"first","9":"outofstock","10":"taxable","11":"shipping-taxable","12":"purchasable","13":"product-type-simple"},"_links":{"self":[{"href":"https:\/\/shop.vallin.lv\/lv\/wp-json\/wp\/v2\/product\/23758","targetHints":{"allow":["GET"]}}],"collection":[{"href":"https:\/\/shop.vallin.lv\/lv\/wp-json\/wp\/v2\/product"}],"about":[{"href":"https:\/\/shop.vallin.lv\/lv\/wp-json\/wp\/v2\/types\/product"}],"version-history":[{"count":4,"href":"https:\/\/shop.vallin.lv\/lv\/wp-json\/wp\/v2\/product\/23758\/revisions"}],"predecessor-version":[{"id":54364,"href":"https:\/\/shop.vallin.lv\/lv\/wp-json\/wp\/v2\/product\/23758\/revisions\/54364"}],"wp:featuredmedia":[{"embeddable":true,"href":"https:\/\/shop.vallin.lv\/lv\/wp-json\/wp\/v2\/product\/23758"}],"wp:attachment":[{"href":"https:\/\/shop.vallin.lv\/lv\/wp-json\/wp\/v2\/media?parent=23758"}],"wp:term":[{"taxonomy":"product_brand","embeddable":true,"href":"https:\/\/shop.vallin.lv\/lv\/wp-json\/wp\/v2\/product_brand?post=23758"},{"taxonomy":"product_cat","embeddable":true,"href":"https:\/\/shop.vallin.lv\/lv\/wp-json\/wp\/v2\/product_cat?post=23758"},{"taxonomy":"product_tag","embeddable":true,"href":"https:\/\/shop.vallin.lv\/lv\/wp-json\/wp\/v2\/product_tag?post=23758"}],"curies":[{"name":"wp","href":"https:\/\/api.w.org\/{rel}","templated":true}]}}