{"id":23094,"date":"2025-12-10T17:36:35","date_gmt":"2025-12-10T15:36:35","guid":{"rendered":"https:\/\/shop.vallin.lv\/product\/ime-ampere-meter-rq96e-ca-96x96-80-5a\/"},"modified":"2026-04-16T13:47:50","modified_gmt":"2026-04-16T11:47:50","slug":"ime-ampere-meter-rq96e-ca-96x96-80-5a","status":"publish","type":"product","link":"https:\/\/shop.vallin.lv\/lv\/products\/ime-ampere-meter-rq96e-ca-96x96-80-5a\/","title":{"rendered":"IME str\u0101vas m\u0113r\u012bt\u0101js RQ96E CA 96x96 80\/5A"},"content":{"rendered":"<p><a href=\"https:\/\/assets.legrand.com\/pim\/NP-FT-GT\/NT755-00.pdf\" target=\"_blank\" rel=\"noopener\">Vair\u0101k inform\u0101cijas<\/a><\/p>","protected":false},"excerpt":{"rendered":"<p>Vair\u0101k inform\u0101cijas<\/p>","protected":false},"featured_media":23094,"template":"","meta":[],"product_brand":[],"product_cat":[820],"product_tag":[],"class_list":{"0":"post-23094","1":"product","2":"type-product","3":"status-publish","4":"has-post-thumbnail","6":"product_cat-analogue","8":"first","9":"outofstock","10":"taxable","11":"shipping-taxable","12":"purchasable","13":"product-type-simple"},"_links":{"self":[{"href":"https:\/\/shop.vallin.lv\/lv\/wp-json\/wp\/v2\/product\/23094","targetHints":{"allow":["GET"]}}],"collection":[{"href":"https:\/\/shop.vallin.lv\/lv\/wp-json\/wp\/v2\/product"}],"about":[{"href":"https:\/\/shop.vallin.lv\/lv\/wp-json\/wp\/v2\/types\/product"}],"version-history":[{"count":4,"href":"https:\/\/shop.vallin.lv\/lv\/wp-json\/wp\/v2\/product\/23094\/revisions"}],"predecessor-version":[{"id":53858,"href":"https:\/\/shop.vallin.lv\/lv\/wp-json\/wp\/v2\/product\/23094\/revisions\/53858"}],"wp:featuredmedia":[{"embeddable":true,"href":"https:\/\/shop.vallin.lv\/lv\/wp-json\/wp\/v2\/product\/23094"}],"wp:attachment":[{"href":"https:\/\/shop.vallin.lv\/lv\/wp-json\/wp\/v2\/media?parent=23094"}],"wp:term":[{"taxonomy":"product_brand","embeddable":true,"href":"https:\/\/shop.vallin.lv\/lv\/wp-json\/wp\/v2\/product_brand?post=23094"},{"taxonomy":"product_cat","embeddable":true,"href":"https:\/\/shop.vallin.lv\/lv\/wp-json\/wp\/v2\/product_cat?post=23094"},{"taxonomy":"product_tag","embeddable":true,"href":"https:\/\/shop.vallin.lv\/lv\/wp-json\/wp\/v2\/product_tag?post=23094"}],"curies":[{"name":"wp","href":"https:\/\/api.w.org\/{rel}","templated":true}]}}