{"id":17342,"date":"2025-12-02T16:36:10","date_gmt":"2025-12-02T14:36:10","guid":{"rendered":"https:\/\/shop.vallin.lv\/product\/flush-mounting-junction-box-115x115x101-mm\/"},"modified":"2026-04-16T13:24:17","modified_gmt":"2026-04-16T11:24:17","slug":"flush-mounting-junction-box-115x115x101-mm","status":"publish","type":"product","link":"https:\/\/shop.vallin.lv\/lv\/products\/flush-mounting-junction-box-115x115x101-mm\/","title":{"rendered":"Ieb\u016bv\u0113jam\u0101 savienojuma k\u0101rba 115x115x101 mm"},"content":{"rendered":"<p>Junction casings<br \/>\nJunction casings in all sizes and for almost any kind of installations. This product range features practical housing sizes as well as a robust housing design which is perfect for building sites.<\/p>\n<p>As central junction casings for star-shaped cable laying.<br \/>\nEasy to rewire when changing the way rooms are used.<br \/>\nSeparator walls to separate electrical circuits.<br \/>\nEnd cover with screw attachment for VDE-compliant installation.<\/p>\n<p><a href=\"https:\/\/www.kaiser-elektro.de\/en_DE\/redirect\/article-plain\/identifier\/9908.01\" target=\"_blank\" rel=\"noopener\">Vair\u0101k inform\u0101cijas<\/a><\/p>\n<p>Datu lapa:<br \/>\n<a href=\"https:\/\/www.kaiser-elektro.de\/en_DE\/redirect\/datasheet\/identifier\/9908.01\" target=\"_blank\" rel=\"noopener\">Skat\u012bt<\/a><\/p>\n<p>Sertifik\u0101ts:<br \/>\n<a href=\"https:\/\/assets.kaiser-elektro.de\/media\/18\/18983\/9908.01_2024.pdf\" target=\"_blank\" rel=\"noopener\">9908.01 Flush-mounted junction box<\/a><\/p>","protected":false},"excerpt":{"rendered":"<p>Junction casings Junction casings in all sizes and for almost any kind of installations. This product range features practical housing<\/p>","protected":false},"featured_media":17342,"template":"","meta":[],"product_brand":[],"product_cat":[787],"product_tag":[],"class_list":{"0":"post-17342","1":"product","2":"type-product","3":"status-publish","4":"has-post-thumbnail","6":"product_cat-concrete-systems","8":"first","9":"outofstock","10":"taxable","11":"shipping-taxable","12":"purchasable","13":"product-type-simple"},"_links":{"self":[{"href":"https:\/\/shop.vallin.lv\/lv\/wp-json\/wp\/v2\/product\/17342","targetHints":{"allow":["GET"]}}],"collection":[{"href":"https:\/\/shop.vallin.lv\/lv\/wp-json\/wp\/v2\/product"}],"about":[{"href":"https:\/\/shop.vallin.lv\/lv\/wp-json\/wp\/v2\/types\/product"}],"version-history":[{"count":5,"href":"https:\/\/shop.vallin.lv\/lv\/wp-json\/wp\/v2\/product\/17342\/revisions"}],"predecessor-version":[{"id":67930,"href":"https:\/\/shop.vallin.lv\/lv\/wp-json\/wp\/v2\/product\/17342\/revisions\/67930"}],"wp:featuredmedia":[{"embeddable":true,"href":"https:\/\/shop.vallin.lv\/lv\/wp-json\/wp\/v2\/product\/17342"}],"wp:attachment":[{"href":"https:\/\/shop.vallin.lv\/lv\/wp-json\/wp\/v2\/media?parent=17342"}],"wp:term":[{"taxonomy":"product_brand","embeddable":true,"href":"https:\/\/shop.vallin.lv\/lv\/wp-json\/wp\/v2\/product_brand?post=17342"},{"taxonomy":"product_cat","embeddable":true,"href":"https:\/\/shop.vallin.lv\/lv\/wp-json\/wp\/v2\/product_cat?post=17342"},{"taxonomy":"product_tag","embeddable":true,"href":"https:\/\/shop.vallin.lv\/lv\/wp-json\/wp\/v2\/product_tag?post=17342"}],"curies":[{"name":"wp","href":"https:\/\/api.w.org\/{rel}","templated":true}]}}