{"id":17338,"date":"2025-12-02T16:36:03","date_gmt":"2025-12-02T14:36:03","guid":{"rendered":"https:\/\/shop.vallin.lv\/product\/fire-protection-one-gang-junction-box-hwd68-for-fire-protection-wall-ei30-ei90\/"},"modified":"2026-05-07T15:55:36","modified_gmt":"2026-05-07T13:55:36","slug":"fire-protection-one-gang-junction-box-hwd68-for-fire-protection-wall-ei30-ei90","status":"publish","type":"product","link":"https:\/\/shop.vallin.lv\/lv\/products\/fire-protection-one-gang-junction-box-hwd68-for-fire-protection-wall-ei30-ei90\/","title":{"rendered":"Ugunsaizsardz\u012bbas vienviet\u012bg\u0101 k\u0101rba HWD68 ugunsdro\u0161\u012bbas sienai EI30-EI90"},"content":{"rendered":"","protected":false},"excerpt":{"rendered":"","protected":false},"featured_media":0,"template":"","meta":[],"product_brand":[],"product_cat":[786],"product_tag":[],"class_list":{"0":"post-17338","1":"product","2":"type-product","3":"status-publish","5":"product_cat-special-application-boxes","7":"first","8":"instock","9":"taxable","10":"shipping-taxable","11":"purchasable","12":"product-type-simple"},"_links":{"self":[{"href":"https:\/\/shop.vallin.lv\/lv\/wp-json\/wp\/v2\/product\/17338","targetHints":{"allow":["GET"]}}],"collection":[{"href":"https:\/\/shop.vallin.lv\/lv\/wp-json\/wp\/v2\/product"}],"about":[{"href":"https:\/\/shop.vallin.lv\/lv\/wp-json\/wp\/v2\/types\/product"}],"version-history":[{"count":0,"href":"https:\/\/shop.vallin.lv\/lv\/wp-json\/wp\/v2\/product\/17338\/revisions"}],"wp:attachment":[{"href":"https:\/\/shop.vallin.lv\/lv\/wp-json\/wp\/v2\/media?parent=17338"}],"wp:term":[{"taxonomy":"product_brand","embeddable":true,"href":"https:\/\/shop.vallin.lv\/lv\/wp-json\/wp\/v2\/product_brand?post=17338"},{"taxonomy":"product_cat","embeddable":true,"href":"https:\/\/shop.vallin.lv\/lv\/wp-json\/wp\/v2\/product_cat?post=17338"},{"taxonomy":"product_tag","embeddable":true,"href":"https:\/\/shop.vallin.lv\/lv\/wp-json\/wp\/v2\/product_tag?post=17338"}],"curies":[{"name":"wp","href":"https:\/\/api.w.org\/{rel}","templated":true}]}}