{"id":17330,"date":"2025-12-02T16:35:47","date_gmt":"2025-12-02T14:35:47","guid":{"rendered":"https:\/\/shop.vallin.lv\/product\/fire-prot-conduit-sealing-system-rs-90-for-fire-protection-walls-ei30-ei90-from-fire-retardant-forming-material\/"},"modified":"2026-03-12T14:19:41","modified_gmt":"2026-03-12T12:19:41","slug":"fire-prot-conduit-sealing-system-rs-90-for-fire-protection-walls-ei30-ei90-from-fire-retardant-forming-material","status":"publish","type":"product","link":"https:\/\/shop.vallin.lv\/lv\/products\/fire-prot-conduit-sealing-system-rs-90-for-fire-protection-walls-ei30-ei90-from-fire-retardant-forming-material\/","title":{"rendered":"Ugunsaizsardz\u012bbas cauru\u013cu bl\u012bv\u0113\u0161anas sist\u0113ma RS 90 ugunsdro\u0161\u0101m sien\u0101m EI30\u2013EI90 no ugunsdro\u0161a materi\u0101la"},"content":{"rendered":"<p>Cable sealing system LS 90, conduit sealing system RS 90<br \/>\nPipe and fire-retardant systems for safe closure of passages and entrances in fire-protection walls. The certified retardants are quick and easy to install and can even be superimposed on cables and pipes retrospectively (EI90). In addition, the cable sealing system can also be used as a wall outlet that enables the connection of electrical attachments.<\/p>\n<p>Secure, visible, certified fire sealings<br \/>\nFor wall feed-throughs and entries<br \/>\nWithout filling and smoothing<br \/>\nAutomatic sealing of the joints<br \/>\nFor cables from \u00d8 5 &#8211; 15 mm<br \/>\nFor conduits M16 &#8211; M25<br \/>\nFor timber stud walls F30-F90 or EI30-EI90<\/p>\n<p><a href=\"https:\/\/www.kaiser-elektro.de\/en_DE\/redirect\/article-plain\/identifier\/9459-02\" target=\"_blank\">Vair\u0101k inform\u0101cijas<\/a><\/p>\n<p>Datu lapa:<br \/>\n<a href=\"https:\/\/www.kaiser-elektro.de\/en_DE\/redirect\/datasheet\/identifier\/9459-02\" target=\"_blank\">Skat\u012bt<\/a><\/p>\n<p>Sertifik\u0101ts:<br \/>\n<a href=\"https:\/\/assets.kaiser-elektro.de\/media\/13\/13756\/KAISER_Zertifikat_AllgemeineBauartgenehmigung_LS90_RS90_2021.pdf\" target=\"_blank\">LS 90 \/ RS 90 &#8211; Type approval (Z-19.53-2531)<\/a><\/p>\n<p><a href=\"https:\/\/assets.kaiser-elektro.de\/media\/18\/18959\/KAISER_A_Klassifizierungsbericht_Brandschutz_fuer_Brettsperrholzwaende_2024_DE_web.pdf\" target=\"_blank\">Classification report for PROTECT\u00ae one-gang junction box for solid wood, conduit sealing system RS 90, cable sealing system LS 90, B15 PROTECT\u00ae multiple sealing and B15 PROTECT\u00ae cable sealing<\/a><\/p>\n<p><a href=\"https:\/\/assets.kaiser-elektro.de\/media\/28\/286\/KAISER_Zertifikat_ETA-7_0449_RS90_LS90_2017_EN.pdf\" target=\"_blank\">Cable sealing system LS 90, conduit sealing system RS 90 &#8211; European Technical Assessment ETA<\/a><\/p>\n<p><a href=\"https:\/\/assets.kaiser-elektro.de\/media\/30\/306\/KAISER_Zertifikat_FlamoX_Brandlast_von_unten_2016_DE.pdf\" target=\"_blank\">Test report for FlamoX\u00ae, LS 90 and RS 90, fire load from below<\/a><\/p>","protected":false},"excerpt":{"rendered":"<p>Cable sealing system LS 90, conduit sealing system RS 90 Pipe and fire-retardant systems for safe closure of passages and<\/p>","protected":false},"featured_media":17330,"template":"","meta":[],"product_brand":[],"product_cat":[786],"product_tag":[],"class_list":{"0":"post-17330","1":"product","2":"type-product","3":"status-publish","4":"has-post-thumbnail","6":"product_cat-special-application-boxes","8":"first","9":"outofstock","10":"taxable","11":"shipping-taxable","12":"purchasable","13":"product-type-simple"},"_links":{"self":[{"href":"https:\/\/shop.vallin.lv\/lv\/wp-json\/wp\/v2\/product\/17330","targetHints":{"allow":["GET"]}}],"collection":[{"href":"https:\/\/shop.vallin.lv\/lv\/wp-json\/wp\/v2\/product"}],"about":[{"href":"https:\/\/shop.vallin.lv\/lv\/wp-json\/wp\/v2\/types\/product"}],"version-history":[{"count":5,"href":"https:\/\/shop.vallin.lv\/lv\/wp-json\/wp\/v2\/product\/17330\/revisions"}],"predecessor-version":[{"id":67920,"href":"https:\/\/shop.vallin.lv\/lv\/wp-json\/wp\/v2\/product\/17330\/revisions\/67920"}],"wp:featuredmedia":[{"embeddable":true,"href":"https:\/\/shop.vallin.lv\/lv\/wp-json\/wp\/v2\/product\/17330"}],"wp:attachment":[{"href":"https:\/\/shop.vallin.lv\/lv\/wp-json\/wp\/v2\/media?parent=17330"}],"wp:term":[{"taxonomy":"product_brand","embeddable":true,"href":"https:\/\/shop.vallin.lv\/lv\/wp-json\/wp\/v2\/product_brand?post=17330"},{"taxonomy":"product_cat","embeddable":true,"href":"https:\/\/shop.vallin.lv\/lv\/wp-json\/wp\/v2\/product_cat?post=17330"},{"taxonomy":"product_tag","embeddable":true,"href":"https:\/\/shop.vallin.lv\/lv\/wp-json\/wp\/v2\/product_tag?post=17330"}],"curies":[{"name":"wp","href":"https:\/\/api.w.org\/{rel}","templated":true}]}}