{"id":17321,"date":"2025-12-02T16:35:32","date_gmt":"2025-12-02T14:35:32","guid":{"rendered":"https:\/\/shop.vallin.lv\/product\/cavity-wall-one-gang-box-o-range-econ-63-air-tight-with-device-screws-depth-48-mm\/"},"modified":"2026-04-20T15:01:13","modified_gmt":"2026-04-20T13:01:13","slug":"cavity-wall-one-gang-box-o-range-econ-63-air-tight-with-device-screws-depth-48-mm","status":"publish","type":"product","link":"https:\/\/shop.vallin.lv\/lv\/products\/cavity-wall-one-gang-box-o-range-econ-63-air-tight-with-device-screws-depth-48-mm\/","title":{"rendered":"Dob\u0101s sienas vienviet\u012bg\u0101 k\u0101rba O-range ECON\u00ae 63, gaisa necaurlaid\u012bga ar ier\u012bces skr\u016bv\u0113m, dzi\u013cums 48 mm"},"content":{"rendered":"<p>Air-tight cavity wall installation<br \/>\nAir-tight O-range\u00ae cavity wall boxes with ECON\u00ae technology for energy-efficient electrical installation according to GEG. The elastic ECON\u00ae technology sealing membrane allows air-tight electrical installation.<\/p>\n<p>Elastic sealing membrane for guaranteed air-tightness<br \/>\nInnovative clamp technology with integrated cable retention<br \/>\nToolless cable and conduit entry<br \/>\nAir-tight combined with support connector<\/p>\n<p><a href=\"https:\/\/www.kaiser-elektro.de\/en_DE\/redirect\/article-plain\/identifier\/9263-22\" target=\"_blank\" rel=\"noopener\">Vair\u0101k inform\u0101cijas<\/a><\/p>\n<p>Datu lapa:<br \/>\n<a href=\"https:\/\/www.kaiser-elektro.de\/en_DE\/redirect\/datasheet\/identifier\/9263-22\" target=\"_blank\" rel=\"noopener\">Skat\u012bt<\/a><\/p>\n<p>Sertifik\u0101ts:<br \/>\n<a href=\"https:\/\/assets.kaiser-elektro.de\/media\/43\/4315\/KAISER_Certificate_ECON63_9263-22_78_en.pdf\" target=\"_blank\" rel=\"noopener\">One-gang box ECON\u00ae 63 &#8211; Blower Door Certificate<\/a><\/p>","protected":false},"excerpt":{"rendered":"<p>Air-tight cavity wall installation Air-tight O-range\u00ae cavity wall boxes with ECON\u00ae technology for energy-efficient electrical installation according to GEG. The<\/p>","protected":false},"featured_media":17321,"template":"","meta":[],"product_brand":[],"product_cat":[785],"product_tag":[],"class_list":{"0":"post-17321","1":"product","2":"type-product","3":"status-publish","4":"has-post-thumbnail","6":"product_cat-boxes-for-cavity-walls","8":"first","9":"instock","10":"taxable","11":"shipping-taxable","12":"purchasable","13":"product-type-simple"},"_links":{"self":[{"href":"https:\/\/shop.vallin.lv\/lv\/wp-json\/wp\/v2\/product\/17321","targetHints":{"allow":["GET"]}}],"collection":[{"href":"https:\/\/shop.vallin.lv\/lv\/wp-json\/wp\/v2\/product"}],"about":[{"href":"https:\/\/shop.vallin.lv\/lv\/wp-json\/wp\/v2\/types\/product"}],"version-history":[{"count":5,"href":"https:\/\/shop.vallin.lv\/lv\/wp-json\/wp\/v2\/product\/17321\/revisions"}],"predecessor-version":[{"id":67910,"href":"https:\/\/shop.vallin.lv\/lv\/wp-json\/wp\/v2\/product\/17321\/revisions\/67910"}],"wp:featuredmedia":[{"embeddable":true,"href":"https:\/\/shop.vallin.lv\/lv\/wp-json\/wp\/v2\/product\/17321"}],"wp:attachment":[{"href":"https:\/\/shop.vallin.lv\/lv\/wp-json\/wp\/v2\/media?parent=17321"}],"wp:term":[{"taxonomy":"product_brand","embeddable":true,"href":"https:\/\/shop.vallin.lv\/lv\/wp-json\/wp\/v2\/product_brand?post=17321"},{"taxonomy":"product_cat","embeddable":true,"href":"https:\/\/shop.vallin.lv\/lv\/wp-json\/wp\/v2\/product_cat?post=17321"},{"taxonomy":"product_tag","embeddable":true,"href":"https:\/\/shop.vallin.lv\/lv\/wp-json\/wp\/v2\/product_tag?post=17321"}],"curies":[{"name":"wp","href":"https:\/\/api.w.org\/{rel}","templated":true}]}}