{"id":17267,"date":"2025-12-02T16:32:56","date_gmt":"2025-12-02T14:32:56","guid":{"rendered":"https:\/\/shop.vallin.lv\/product\/double-cable-sleeve-o-8-11-mm-air-tight-sleeve-for-cables\/"},"modified":"2026-04-16T13:24:57","modified_gmt":"2026-04-16T11:24:57","slug":"double-cable-sleeve-o-8-11-mm-air-tight-sleeve-for-cables","status":"publish","type":"product","link":"https:\/\/shop.vallin.lv\/lv\/products\/double-cable-sleeve-o-8-11-mm-air-tight-sleeve-for-cables\/","title":{"rendered":"Dubultais kabe\u013ca ieliktnis \u00d8 8-11 mm gaisa necaurlaid\u012bgs ieliktnis kabe\u013ciem"},"content":{"rendered":"<p>Air-tight sleeve<br \/>\nAir-tight sleeve for sealing conduit and cable entries in the interior of air-tight building shells.<\/p>\n<p>extremely strong adhesion<br \/>\nFor guaranteed air-tight feed-throughs, especially in the attic<br \/>\n12 types for different conduit and cable diaMeters<br \/>\nSuitable for moisture barrier foils, sarking membranes, OSB boards *<\/p>\n<p><a href=\"https:\/\/www.kaiser-elektro.de\/en_DE\/redirect\/article-plain\/identifier\/9059-47\" target=\"_blank\" rel=\"noopener\">Vair\u0101k inform\u0101cijas<\/a><\/p>\n<p>Datu lapa:<br \/>\n<a href=\"https:\/\/www.kaiser-elektro.de\/en_DE\/redirect\/datasheet\/identifier\/9059-47\" target=\"_blank\" rel=\"noopener\">Skat\u012bt<\/a><\/p>","protected":false},"excerpt":{"rendered":"<p>Air-tight sleeve Air-tight sleeve for sealing conduit and cable entries in the interior of air-tight building shells. extremely strong adhesion<\/p>","protected":false},"featured_media":17267,"template":"","meta":[],"product_brand":[],"product_cat":[788],"product_tag":[],"class_list":{"0":"post-17267","1":"product","2":"type-product","3":"status-publish","4":"has-post-thumbnail","6":"product_cat-accessories-installation-boxes-and-systems","8":"first","9":"instock","10":"taxable","11":"shipping-taxable","12":"purchasable","13":"product-type-simple"},"_links":{"self":[{"href":"https:\/\/shop.vallin.lv\/lv\/wp-json\/wp\/v2\/product\/17267","targetHints":{"allow":["GET"]}}],"collection":[{"href":"https:\/\/shop.vallin.lv\/lv\/wp-json\/wp\/v2\/product"}],"about":[{"href":"https:\/\/shop.vallin.lv\/lv\/wp-json\/wp\/v2\/types\/product"}],"version-history":[{"count":6,"href":"https:\/\/shop.vallin.lv\/lv\/wp-json\/wp\/v2\/product\/17267\/revisions"}],"predecessor-version":[{"id":67856,"href":"https:\/\/shop.vallin.lv\/lv\/wp-json\/wp\/v2\/product\/17267\/revisions\/67856"}],"wp:featuredmedia":[{"embeddable":true,"href":"https:\/\/shop.vallin.lv\/lv\/wp-json\/wp\/v2\/product\/17267"}],"wp:attachment":[{"href":"https:\/\/shop.vallin.lv\/lv\/wp-json\/wp\/v2\/media?parent=17267"}],"wp:term":[{"taxonomy":"product_brand","embeddable":true,"href":"https:\/\/shop.vallin.lv\/lv\/wp-json\/wp\/v2\/product_brand?post=17267"},{"taxonomy":"product_cat","embeddable":true,"href":"https:\/\/shop.vallin.lv\/lv\/wp-json\/wp\/v2\/product_cat?post=17267"},{"taxonomy":"product_tag","embeddable":true,"href":"https:\/\/shop.vallin.lv\/lv\/wp-json\/wp\/v2\/product_tag?post=17267"}],"curies":[{"name":"wp","href":"https:\/\/api.w.org\/{rel}","templated":true}]}}