{"id":17253,"date":"2025-12-02T16:32:30","date_gmt":"2025-12-02T14:32:30","guid":{"rendered":"https:\/\/shop.vallin.lv\/product\/ip68box-outdoor-installation-set-with-cast-resin-for-floor-installation\/"},"modified":"2026-04-16T13:25:31","modified_gmt":"2026-04-16T11:25:31","slug":"ip68box-outdoor-installation-set-with-cast-resin-for-floor-installation","status":"publish","type":"product","link":"https:\/\/shop.vallin.lv\/lv\/products\/ip68box-outdoor-installation-set-with-cast-resin-for-floor-installation\/","title":{"rendered":"IP68BOX \u0101ra instal\u0101cijas komplekts ar cast sve\u0137i gr\u012bdas uzst\u0101d\u012b\u0161anai"},"content":{"rendered":"<p>IP68BOX Outdoor Installation Set<br \/>\nUnpack, install, ready: complete cast resin package, fast initial operation. Watertight, unprotected outdoor installation. Including 2-component PUR cast resin in a mixing bag. When creating unprotected outdoor installations, it is important to manufacture a reliable and secure connection which will last for many years. For example, vibrations in the ground caused by traffic shouldn\u2019t affect the connection, which is designed for long -term operation \u2013 and this can be guaranteed with cast resin. Time-saving, too, because after the backfilling process, the IP68BOX can be buried and energised.<\/p>\n<p>Junction box IP65 (filled with the casting compound IP68)<br \/>\n2-component PUR cast resin in a mixing bag<br \/>\n3 M25 cable glands, clamping range \u00d8 11-17 mm<br \/>\nProcessing temperature: 0 to +35\u00b0C<br \/>\nOperating temperature: - 40\u00b0 to + 70\u00b0C<\/p>\n<p><a href=\"https:\/\/www.kaiser-elektro.de\/en_DE\/redirect\/article-plain\/identifier\/2521\" target=\"_blank\" rel=\"noopener\">Vair\u0101k inform\u0101cijas<\/a><\/p>\n<p>Datu lapa:<br \/>\n<a href=\"https:\/\/www.kaiser-elektro.de\/en_DE\/redirect\/datasheet\/identifier\/2521\" target=\"_blank\" rel=\"noopener\">Skat\u012bt<\/a><\/p>","protected":false},"excerpt":{"rendered":"<p>IP68BOX Outdoor Installation Set Unpack, install, ready: complete cast resin package, fast initial operation. Watertight, unprotected outdoor installation. Including 2-component<\/p>","protected":false},"featured_media":17253,"template":"","meta":[],"product_brand":[],"product_cat":[786],"product_tag":[],"class_list":{"0":"post-17253","1":"product","2":"type-product","3":"status-publish","4":"has-post-thumbnail","6":"product_cat-special-application-boxes","8":"first","9":"outofstock","10":"taxable","11":"shipping-taxable","12":"purchasable","13":"product-type-simple"},"_links":{"self":[{"href":"https:\/\/shop.vallin.lv\/lv\/wp-json\/wp\/v2\/product\/17253","targetHints":{"allow":["GET"]}}],"collection":[{"href":"https:\/\/shop.vallin.lv\/lv\/wp-json\/wp\/v2\/product"}],"about":[{"href":"https:\/\/shop.vallin.lv\/lv\/wp-json\/wp\/v2\/types\/product"}],"version-history":[{"count":5,"href":"https:\/\/shop.vallin.lv\/lv\/wp-json\/wp\/v2\/product\/17253\/revisions"}],"predecessor-version":[{"id":67842,"href":"https:\/\/shop.vallin.lv\/lv\/wp-json\/wp\/v2\/product\/17253\/revisions\/67842"}],"wp:featuredmedia":[{"embeddable":true,"href":"https:\/\/shop.vallin.lv\/lv\/wp-json\/wp\/v2\/product\/17253"}],"wp:attachment":[{"href":"https:\/\/shop.vallin.lv\/lv\/wp-json\/wp\/v2\/media?parent=17253"}],"wp:term":[{"taxonomy":"product_brand","embeddable":true,"href":"https:\/\/shop.vallin.lv\/lv\/wp-json\/wp\/v2\/product_brand?post=17253"},{"taxonomy":"product_cat","embeddable":true,"href":"https:\/\/shop.vallin.lv\/lv\/wp-json\/wp\/v2\/product_cat?post=17253"},{"taxonomy":"product_tag","embeddable":true,"href":"https:\/\/shop.vallin.lv\/lv\/wp-json\/wp\/v2\/product_tag?post=17253"}],"curies":[{"name":"wp","href":"https:\/\/api.w.org\/{rel}","templated":true}]}}