{"id":17246,"date":"2025-12-02T16:32:19","date_gmt":"2025-12-02T14:32:19","guid":{"rendered":"https:\/\/shop.vallin.lv\/product\/device-screw-plusminus-o-3-2-x-15-mm-electrogalvanised-combination-screw-cross-head-slot-head\/"},"modified":"2026-04-16T13:25:20","modified_gmt":"2026-04-16T11:25:20","slug":"device-screw-plusminus-o-3-2-x-15-mm-electrogalvanised-combination-screw-cross-head-slot-head","status":"publish","type":"product","link":"https:\/\/shop.vallin.lv\/lv\/products\/device-screw-plusminus-o-3-2-x-15-mm-electrogalvanised-combination-screw-cross-head-slot-head\/","title":{"rendered":"Ier\u012bces skr\u016bve PlusMinus \u00d8 3,2 x 15 mm, elektrop\u0101rkl\u0101ta, kombin\u0113t\u0101 skr\u016bve - krustveida galvi\u0146a\/slotgalva"},"content":{"rendered":"<p><a href=\"https:\/\/www.kaiser-elektro.de\/en_DE\/redirect\/article-plain\/identifier\/2472-15\" target=\"_blank\" rel=\"noopener\">Vair\u0101k inform\u0101cijas<\/a><\/p>\n<p>Datu lapa:<br \/>\n<a href=\"https:\/\/www.kaiser-elektro.de\/en_DE\/redirect\/datasheet\/identifier\/2472-15\" target=\"_blank\" rel=\"noopener\">Skat\u012bt<\/a><\/p>\n<p>Sertifik\u0101ts:<br \/>\n<a href=\"https:\/\/assets.kaiser-elektro.de\/media\/18\/18959\/KAISER_A_Klassifizierungsbericht_Brandschutz_fuer_Brettsperrholzwaende_2024_DE_web.pdf\" target=\"_blank\" rel=\"noopener\">Classification report for PROTECT\u00ae one-gang junction box for solid wood, conduit sealing system RS 90, cable sealing system LS 90, B15 PROTECT\u00ae multiple sealing and B15 PROTECT\u00ae cable sealing<\/a><\/p>","protected":false},"excerpt":{"rendered":"<p>More information Data Sheet: View Certificate: Classification report for PROTECT\u00ae one-gang junction box for solid wood, conduit sealing system RS<\/p>","protected":false},"featured_media":17246,"template":"","meta":[],"product_brand":[],"product_cat":[788],"product_tag":[],"class_list":{"0":"post-17246","1":"product","2":"type-product","3":"status-publish","4":"has-post-thumbnail","6":"product_cat-accessories-installation-boxes-and-systems","8":"first","9":"instock","10":"taxable","11":"shipping-taxable","12":"purchasable","13":"product-type-simple"},"_links":{"self":[{"href":"https:\/\/shop.vallin.lv\/lv\/wp-json\/wp\/v2\/product\/17246","targetHints":{"allow":["GET"]}}],"collection":[{"href":"https:\/\/shop.vallin.lv\/lv\/wp-json\/wp\/v2\/product"}],"about":[{"href":"https:\/\/shop.vallin.lv\/lv\/wp-json\/wp\/v2\/types\/product"}],"version-history":[{"count":8,"href":"https:\/\/shop.vallin.lv\/lv\/wp-json\/wp\/v2\/product\/17246\/revisions"}],"predecessor-version":[{"id":67835,"href":"https:\/\/shop.vallin.lv\/lv\/wp-json\/wp\/v2\/product\/17246\/revisions\/67835"}],"wp:featuredmedia":[{"embeddable":true,"href":"https:\/\/shop.vallin.lv\/lv\/wp-json\/wp\/v2\/product\/17246"}],"wp:attachment":[{"href":"https:\/\/shop.vallin.lv\/lv\/wp-json\/wp\/v2\/media?parent=17246"}],"wp:term":[{"taxonomy":"product_brand","embeddable":true,"href":"https:\/\/shop.vallin.lv\/lv\/wp-json\/wp\/v2\/product_brand?post=17246"},{"taxonomy":"product_cat","embeddable":true,"href":"https:\/\/shop.vallin.lv\/lv\/wp-json\/wp\/v2\/product_cat?post=17246"},{"taxonomy":"product_tag","embeddable":true,"href":"https:\/\/shop.vallin.lv\/lv\/wp-json\/wp\/v2\/product_tag?post=17246"}],"curies":[{"name":"wp","href":"https:\/\/api.w.org\/{rel}","templated":true}]}}