{"id":17243,"date":"2025-12-02T16:32:14","date_gmt":"2025-12-02T14:32:14","guid":{"rendered":"https:\/\/shop.vallin.lv\/product\/flush-mounting-two-gang-junction-box-econ-with-4-device-screws\/"},"modified":"2026-04-16T13:24:41","modified_gmt":"2026-04-16T11:24:41","slug":"flush-mounting-two-gang-junction-box-econ-with-4-device-screws","status":"publish","type":"product","link":"https:\/\/shop.vallin.lv\/lv\/products\/flush-mounting-two-gang-junction-box-econ-with-4-device-screws\/","title":{"rendered":"Ieb\u016bv\u0113jam\u0101 divviet\u012bg\u0101 savienojuma k\u0101rba ECON\u00ae, ar 4 ier\u012bces skr\u016bv\u0113m"},"content":{"rendered":"<p>Electronics box ECON\u00ae and two-gang junction box ECON\u00ae<br \/>\nThe electronics box and two-gang junction box using ECON\u00ae technology and a multi-membrane are ideal for installation in masonry walls in which the interior plaster forms the air-tight closure on the room side. The electronics box ECON\u00ae provides a generously-sized accessory installation space and additional space for fitting small switch actuators, etc. The matching separator wall allows the standardised installation of bus and operating voltage in one box. The two-gang junction box ECON\u00ae with a multi-membrane makes it easier than ever to install special accessories. The large installation opening and the very large installation compartment make it possible to install block and pre-wired accessories, and they create space for the assembly of cables for multi-media connections.<\/p>\n<p>Elastic sealing membrane for guaranteed air-tightness<br \/>\nVariable and toolless insertion of single cables, duplex cables and DIN EN conduits<br \/>\nAdditional space for decentral installation of KNX \/ LON UP actuators, flush-mounted cut-off relays for Venetian blinds, and many more<br \/>\nSeparator wall for standardised fitting of two voltage types in one box<br \/>\nMaintenance of cable bending radii for network connection boxes \u2013 optimal data transfer<br \/>\nEasy installation of pre-wired accessories and multi-media connection boxes<\/p>\n<p><a href=\"https:\/\/www.kaiser-elektro.de\/en_DE\/redirect\/article-plain\/identifier\/1656-21\" target=\"_blank\" rel=\"noopener\">Vair\u0101k inform\u0101cijas<\/a><\/p>\n<p>Datu lapa:<br \/>\n<a href=\"https:\/\/www.kaiser-elektro.de\/en_DE\/redirect\/datasheet\/identifier\/1656-21\" target=\"_blank\" rel=\"noopener\">Skat\u012bt<\/a><\/p>\n<p>Sertifik\u0101ts:<br \/>\n<a href=\"https:\/\/assets.kaiser-elektro.de\/media\/10\/10467\/KAISER_Hygiene_Zertifikat_Unterputzdosen_ECON_1068-21_1656-21_DE_web.pdf\" target=\"_blank\" rel=\"noopener\">Electronics box ECON\u00ae \/ Two-gang junction box ECON\u00ae &#8211; Hygienic suitability<\/a><\/p>","protected":false},"excerpt":{"rendered":"<p>Electronics box ECON\u00ae and two-gang junction box ECON\u00ae The electronics box and two-gang junction box using ECON\u00ae technology and a<\/p>","protected":false},"featured_media":17243,"template":"","meta":[],"product_brand":[],"product_cat":[784],"product_tag":[],"class_list":{"0":"post-17243","1":"product","2":"type-product","3":"status-publish","4":"has-post-thumbnail","6":"product_cat-boxes-for-concrete-walls","8":"first","9":"outofstock","10":"taxable","11":"shipping-taxable","12":"purchasable","13":"product-type-simple"},"_links":{"self":[{"href":"https:\/\/shop.vallin.lv\/lv\/wp-json\/wp\/v2\/product\/17243","targetHints":{"allow":["GET"]}}],"collection":[{"href":"https:\/\/shop.vallin.lv\/lv\/wp-json\/wp\/v2\/product"}],"about":[{"href":"https:\/\/shop.vallin.lv\/lv\/wp-json\/wp\/v2\/types\/product"}],"version-history":[{"count":5,"href":"https:\/\/shop.vallin.lv\/lv\/wp-json\/wp\/v2\/product\/17243\/revisions"}],"predecessor-version":[{"id":67832,"href":"https:\/\/shop.vallin.lv\/lv\/wp-json\/wp\/v2\/product\/17243\/revisions\/67832"}],"wp:featuredmedia":[{"embeddable":true,"href":"https:\/\/shop.vallin.lv\/lv\/wp-json\/wp\/v2\/product\/17243"}],"wp:attachment":[{"href":"https:\/\/shop.vallin.lv\/lv\/wp-json\/wp\/v2\/media?parent=17243"}],"wp:term":[{"taxonomy":"product_brand","embeddable":true,"href":"https:\/\/shop.vallin.lv\/lv\/wp-json\/wp\/v2\/product_brand?post=17243"},{"taxonomy":"product_cat","embeddable":true,"href":"https:\/\/shop.vallin.lv\/lv\/wp-json\/wp\/v2\/product_cat?post=17243"},{"taxonomy":"product_tag","embeddable":true,"href":"https:\/\/shop.vallin.lv\/lv\/wp-json\/wp\/v2\/product_tag?post=17243"}],"curies":[{"name":"wp","href":"https:\/\/api.w.org\/{rel}","templated":true}]}}