{"id":17242,"date":"2025-12-02T16:32:12","date_gmt":"2025-12-02T14:32:12","guid":{"rendered":"https:\/\/shop.vallin.lv\/product\/flush-mounting-two-gang-junction-box-with-device-screws-with-device-screws\/"},"modified":"2026-04-16T13:25:20","modified_gmt":"2026-04-16T11:25:20","slug":"flush-mounting-two-gang-junction-box-with-device-screws-with-device-screws","status":"publish","type":"product","link":"https:\/\/shop.vallin.lv\/lv\/products\/flush-mounting-two-gang-junction-box-with-device-screws-with-device-screws\/","title":{"rendered":"Ieb\u016bv\u0113jam\u0101 divviet\u012bg\u0101 savienojuma k\u0101rba ar ier\u012bces skr\u016bv\u0113m"},"content":{"rendered":"<p><a href=\"https:\/\/www.kaiser-elektro.de\/en_DE\/redirect\/article-plain\/identifier\/1656-02\" target=\"_blank\" rel=\"noopener\">Vair\u0101k inform\u0101cijas<\/a><\/p>\n<p>Datu lapa:<br \/>\n<a href=\"https:\/\/www.kaiser-elektro.de\/en_DE\/redirect\/datasheet\/identifier\/1656-02\" target=\"_blank\" rel=\"noopener\">Skat\u012bt<\/a><\/p>","protected":false},"excerpt":{"rendered":"<p>More information Data Sheet: View<\/p>","protected":false},"featured_media":17242,"template":"","meta":[],"product_brand":[],"product_cat":[784],"product_tag":[],"class_list":{"0":"post-17242","1":"product","2":"type-product","3":"status-publish","4":"has-post-thumbnail","6":"product_cat-boxes-for-concrete-walls","8":"first","9":"instock","10":"taxable","11":"shipping-taxable","12":"purchasable","13":"product-type-simple"},"_links":{"self":[{"href":"https:\/\/shop.vallin.lv\/lv\/wp-json\/wp\/v2\/product\/17242","targetHints":{"allow":["GET"]}}],"collection":[{"href":"https:\/\/shop.vallin.lv\/lv\/wp-json\/wp\/v2\/product"}],"about":[{"href":"https:\/\/shop.vallin.lv\/lv\/wp-json\/wp\/v2\/types\/product"}],"version-history":[{"count":8,"href":"https:\/\/shop.vallin.lv\/lv\/wp-json\/wp\/v2\/product\/17242\/revisions"}],"predecessor-version":[{"id":67831,"href":"https:\/\/shop.vallin.lv\/lv\/wp-json\/wp\/v2\/product\/17242\/revisions\/67831"}],"wp:featuredmedia":[{"embeddable":true,"href":"https:\/\/shop.vallin.lv\/lv\/wp-json\/wp\/v2\/product\/17242"}],"wp:attachment":[{"href":"https:\/\/shop.vallin.lv\/lv\/wp-json\/wp\/v2\/media?parent=17242"}],"wp:term":[{"taxonomy":"product_brand","embeddable":true,"href":"https:\/\/shop.vallin.lv\/lv\/wp-json\/wp\/v2\/product_brand?post=17242"},{"taxonomy":"product_cat","embeddable":true,"href":"https:\/\/shop.vallin.lv\/lv\/wp-json\/wp\/v2\/product_cat?post=17242"},{"taxonomy":"product_tag","embeddable":true,"href":"https:\/\/shop.vallin.lv\/lv\/wp-json\/wp\/v2\/product_tag?post=17242"}],"curies":[{"name":"wp","href":"https:\/\/api.w.org\/{rel}","templated":true}]}}